{"id":13439,"date":"2025-06-02T08:43:16","date_gmt":"2025-06-02T08:43:16","guid":{"rendered":"https:\/\/www.bemsentar.pt\/?post_type=product&#038;p=13439"},"modified":"2026-03-05T13:35:12","modified_gmt":"2026-03-05T13:35:12","slug":"net-bench","status":"publish","type":"product","link":"https:\/\/www.bemsentar.pt\/en\/produto\/net-bench\/","title":{"rendered":"Net Bench"},"content":{"rendered":"<p>Rom\u00e2ntico e acolhedor, o Net Bench \u00e9 um banco de exterior de dois lugares em fibra de vidro. Decorado com um padr\u00e3o radial de perfura\u00e7\u00f5es quadradas, tem linhas simples, um perfil fino e sem costuras e uma vasta gama de almofadas a condizer.<\/p>","protected":false},"excerpt":{"rendered":"Rom\u00e2ntico e acolhedor, o Net Bench \u00e9 um banco de exterior de dois lugares em fibra de vidro. Decorado com um padr\u00e3o radial de perfura\u00e7\u00f5es quadradas, tem linhas simples, um perfil fino e sem costuras e uma vasta gama de almofadas a condizer.","protected":false},"featured_media":13442,"template":"","meta":{"_acf_changed":false},"product_cat":[689],"product_tag":[],"acf":[],"yoast_head":"<!-- This site is optimized with the Yoast SEO plugin v23.6 - https:\/\/yoast.com\/wordpress\/plugins\/seo\/ -->\n<title>Net Bench - Bemsentar<\/title>\n<meta name=\"description\" content=\"Rom\u00e2ntico e acolhedor, o Net Bench \u00e9 um banco de exterior de dois lugares em fibra de vidro. Decorado com um padr\u00e3o radial de perfura\u00e7\u00f5es quadradas.\" \/>\n<meta name=\"robots\" content=\"index, follow, max-snippet:-1, max-image-preview:large, max-video-preview:-1\" \/>\n<link rel=\"canonical\" href=\"https:\/\/www.bemsentar.pt\/en\/produto\/net-bench\/\" \/>\n<meta property=\"og:locale\" content=\"en_US\" \/>\n<meta property=\"og:type\" content=\"article\" \/>\n<meta property=\"og:title\" content=\"Net Bench - Bemsentar\" \/>\n<meta property=\"og:description\" content=\"Rom\u00e2ntico e acolhedor, o Net Bench \u00e9 um banco de exterior de dois lugares em fibra de vidro. Decorado com um padr\u00e3o radial de perfura\u00e7\u00f5es quadradas.\" \/>\n<meta property=\"og:url\" content=\"https:\/\/www.bemsentar.pt\/en\/produto\/net-bench\/\" \/>\n<meta property=\"og:site_name\" content=\"Bemsentar\" \/>\n<meta property=\"article:publisher\" content=\"https:\/\/www.facebook.com\/Bemsentar\" \/>\n<meta property=\"article:modified_time\" content=\"2026-03-05T13:35:12+00:00\" \/>\n<meta property=\"og:image\" content=\"https:\/\/www.bemsentar.pt\/wp-content\/uploads\/2025\/06\/net-cuscino.jpg\" \/>\n\t<meta property=\"og:image:width\" content=\"800\" \/>\n\t<meta property=\"og:image:height\" content=\"800\" \/>\n\t<meta property=\"og:image:type\" content=\"image\/jpeg\" \/>\n<meta name=\"twitter:card\" content=\"summary_large_image\" \/>\n<script type=\"application\/ld+json\" class=\"yoast-schema-graph\">{\"@context\":\"https:\/\/schema.org\",\"@graph\":[{\"@type\":\"WebPage\",\"@id\":\"https:\/\/www.bemsentar.pt\/en\/produto\/net-bench\/\",\"url\":\"https:\/\/www.bemsentar.pt\/en\/produto\/net-bench\/\",\"name\":\"Net Bench - Bemsentar\",\"isPartOf\":{\"@id\":\"https:\/\/www.bemsentar.pt\/en\/#website\"},\"primaryImageOfPage\":{\"@id\":\"https:\/\/www.bemsentar.pt\/en\/produto\/net-bench\/#primaryimage\"},\"image\":{\"@id\":\"https:\/\/www.bemsentar.pt\/en\/produto\/net-bench\/#primaryimage\"},\"thumbnailUrl\":\"https:\/\/www.bemsentar.pt\/wp-content\/uploads\/2025\/06\/net-cuscino.jpg\",\"datePublished\":\"2025-06-02T08:43:16+00:00\",\"dateModified\":\"2026-03-05T13:35:12+00:00\",\"description\":\"Rom\u00e2ntico e acolhedor, o Net Bench \u00e9 um banco de exterior de dois lugares em fibra de vidro. Decorado com um padr\u00e3o radial de perfura\u00e7\u00f5es quadradas.\",\"breadcrumb\":{\"@id\":\"https:\/\/www.bemsentar.pt\/en\/produto\/net-bench\/#breadcrumb\"},\"inLanguage\":\"en-US\",\"potentialAction\":[{\"@type\":\"ReadAction\",\"target\":[\"https:\/\/www.bemsentar.pt\/en\/produto\/net-bench\/\"]}]},{\"@type\":\"ImageObject\",\"inLanguage\":\"en-US\",\"@id\":\"https:\/\/www.bemsentar.pt\/en\/produto\/net-bench\/#primaryimage\",\"url\":\"https:\/\/www.bemsentar.pt\/wp-content\/uploads\/2025\/06\/net-cuscino.jpg\",\"contentUrl\":\"https:\/\/www.bemsentar.pt\/wp-content\/uploads\/2025\/06\/net-cuscino.jpg\",\"width\":800,\"height\":800},{\"@type\":\"BreadcrumbList\",\"@id\":\"https:\/\/www.bemsentar.pt\/en\/produto\/net-bench\/#breadcrumb\",\"itemListElement\":[{\"@type\":\"ListItem\",\"position\":1,\"name\":\"In\u00edcio\",\"item\":\"https:\/\/www.bemsentar.pt\/en\/\"},{\"@type\":\"ListItem\",\"position\":2,\"name\":\"Products\",\"item\":\"https:\/\/www.bemsentar.pt\/en\/products\/\"},{\"@type\":\"ListItem\",\"position\":3,\"name\":\"Net Bench\"}]},{\"@type\":\"WebSite\",\"@id\":\"https:\/\/www.bemsentar.pt\/en\/#website\",\"url\":\"https:\/\/www.bemsentar.pt\/en\/\",\"name\":\"Bemsentar\",\"description\":\"\",\"potentialAction\":[{\"@type\":\"SearchAction\",\"target\":{\"@type\":\"EntryPoint\",\"urlTemplate\":\"https:\/\/www.bemsentar.pt\/en\/?s={search_term_string}\"},\"query-input\":{\"@type\":\"PropertyValueSpecification\",\"valueRequired\":true,\"valueName\":\"search_term_string\"}}],\"inLanguage\":\"en-US\"}]}<\/script>\n<!-- \/ Yoast SEO plugin. -->","yoast_head_json":{"title":"Net Bench - Bemsentar","description":"Rom\u00e2ntico e acolhedor, o Net Bench \u00e9 um banco de exterior de dois lugares em fibra de vidro. Decorado com um padr\u00e3o radial de perfura\u00e7\u00f5es quadradas.","robots":{"index":"index","follow":"follow","max-snippet":"max-snippet:-1","max-image-preview":"max-image-preview:large","max-video-preview":"max-video-preview:-1"},"canonical":"https:\/\/www.bemsentar.pt\/en\/produto\/net-bench\/","og_locale":"en_US","og_type":"article","og_title":"Net Bench - Bemsentar","og_description":"Rom\u00e2ntico e acolhedor, o Net Bench \u00e9 um banco de exterior de dois lugares em fibra de vidro. Decorado com um padr\u00e3o radial de perfura\u00e7\u00f5es quadradas.","og_url":"https:\/\/www.bemsentar.pt\/en\/produto\/net-bench\/","og_site_name":"Bemsentar","article_publisher":"https:\/\/www.facebook.com\/Bemsentar","article_modified_time":"2026-03-05T13:35:12+00:00","og_image":[{"width":800,"height":800,"url":"https:\/\/www.bemsentar.pt\/wp-content\/uploads\/2025\/06\/net-cuscino.jpg","type":"image\/jpeg"}],"twitter_card":"summary_large_image","schema":{"@context":"https:\/\/schema.org","@graph":[{"@type":"WebPage","@id":"https:\/\/www.bemsentar.pt\/en\/produto\/net-bench\/","url":"https:\/\/www.bemsentar.pt\/en\/produto\/net-bench\/","name":"Net Bench - Bemsentar","isPartOf":{"@id":"https:\/\/www.bemsentar.pt\/en\/#website"},"primaryImageOfPage":{"@id":"https:\/\/www.bemsentar.pt\/en\/produto\/net-bench\/#primaryimage"},"image":{"@id":"https:\/\/www.bemsentar.pt\/en\/produto\/net-bench\/#primaryimage"},"thumbnailUrl":"https:\/\/www.bemsentar.pt\/wp-content\/uploads\/2025\/06\/net-cuscino.jpg","datePublished":"2025-06-02T08:43:16+00:00","dateModified":"2026-03-05T13:35:12+00:00","description":"Rom\u00e2ntico e acolhedor, o Net Bench \u00e9 um banco de exterior de dois lugares em fibra de vidro. Decorado com um padr\u00e3o radial de perfura\u00e7\u00f5es quadradas.","breadcrumb":{"@id":"https:\/\/www.bemsentar.pt\/en\/produto\/net-bench\/#breadcrumb"},"inLanguage":"en-US","potentialAction":[{"@type":"ReadAction","target":["https:\/\/www.bemsentar.pt\/en\/produto\/net-bench\/"]}]},{"@type":"ImageObject","inLanguage":"en-US","@id":"https:\/\/www.bemsentar.pt\/en\/produto\/net-bench\/#primaryimage","url":"https:\/\/www.bemsentar.pt\/wp-content\/uploads\/2025\/06\/net-cuscino.jpg","contentUrl":"https:\/\/www.bemsentar.pt\/wp-content\/uploads\/2025\/06\/net-cuscino.jpg","width":800,"height":800},{"@type":"BreadcrumbList","@id":"https:\/\/www.bemsentar.pt\/en\/produto\/net-bench\/#breadcrumb","itemListElement":[{"@type":"ListItem","position":1,"name":"In\u00edcio","item":"https:\/\/www.bemsentar.pt\/en\/"},{"@type":"ListItem","position":2,"name":"Products","item":"https:\/\/www.bemsentar.pt\/en\/products\/"},{"@type":"ListItem","position":3,"name":"Net Bench"}]},{"@type":"WebSite","@id":"https:\/\/www.bemsentar.pt\/en\/#website","url":"https:\/\/www.bemsentar.pt\/en\/","name":"Bemsentar","description":"","potentialAction":[{"@type":"SearchAction","target":{"@type":"EntryPoint","urlTemplate":"https:\/\/www.bemsentar.pt\/en\/?s={search_term_string}"},"query-input":{"@type":"PropertyValueSpecification","valueRequired":true,"valueName":"search_term_string"}}],"inLanguage":"en-US"}]}},"_links":{"self":[{"href":"https:\/\/www.bemsentar.pt\/en\/wp-json\/wp\/v2\/product\/13439"}],"collection":[{"href":"https:\/\/www.bemsentar.pt\/en\/wp-json\/wp\/v2\/product"}],"about":[{"href":"https:\/\/www.bemsentar.pt\/en\/wp-json\/wp\/v2\/types\/product"}],"wp:featuredmedia":[{"embeddable":true,"href":"https:\/\/www.bemsentar.pt\/en\/wp-json\/wp\/v2\/media\/13442"}],"wp:attachment":[{"href":"https:\/\/www.bemsentar.pt\/en\/wp-json\/wp\/v2\/media?parent=13439"}],"wp:term":[{"taxonomy":"product_cat","embeddable":true,"href":"https:\/\/www.bemsentar.pt\/en\/wp-json\/wp\/v2\/product_cat?post=13439"},{"taxonomy":"product_tag","embeddable":true,"href":"https:\/\/www.bemsentar.pt\/en\/wp-json\/wp\/v2\/product_tag?post=13439"}],"curies":[{"name":"wp","href":"https:\/\/api.w.org\/{rel}","templated":true}]}}