{"id":13473,"date":"2025-07-03T09:49:10","date_gmt":"2025-07-03T09:49:10","guid":{"rendered":"https:\/\/www.bemsentar.pt\/?post_type=product&#038;p=13473"},"modified":"2026-03-05T13:35:08","modified_gmt":"2026-03-05T13:35:08","slug":"doga-bistrot","status":"publish","type":"product","link":"https:\/\/www.bemsentar.pt\/en\/produto\/doga-bistrot\/","title":{"rendered":"Doga Bistrot"},"content":{"rendered":"<p>O design de ripas ganha um aspeto contempor\u00e2neo para a Doga Bistrot, uma cadeira de exterior sem bra\u00e7os em resina de fibra de vidro. \u00c9 f\u00e1cil de deslocar, empilh\u00e1vel, facilmente higieniz\u00e1vel e totalmente recicl\u00e1vel.<\/p>","protected":false},"excerpt":{"rendered":"O design de ripas ganha um aspeto contempor\u00e2neo para a Doga Bistrot, uma cadeira de exterior sem bra\u00e7os em resina de fibra de vidro. \u00c9 f\u00e1cil de deslocar, empilh\u00e1vel, facilmente higieniz\u00e1vel e totalmente recicl\u00e1vel.","protected":false},"featured_media":13602,"template":"","meta":{"_acf_changed":false},"product_cat":[746,689],"product_tag":[],"acf":[],"yoast_head":"<!-- This site is optimized with the Yoast SEO plugin v23.6 - https:\/\/yoast.com\/wordpress\/plugins\/seo\/ -->\n<title>Doga Bistrot - Bemsentar<\/title>\n<meta name=\"description\" content=\"Design refinado e aten\u00e7\u00e3o aos pormenores para Bit, uma cadeira sem bra\u00e7os em resina de fibra de vidro tratada com UV e colorida em massa.\" \/>\n<meta name=\"robots\" content=\"index, follow, max-snippet:-1, max-image-preview:large, max-video-preview:-1\" \/>\n<link rel=\"canonical\" href=\"https:\/\/www.bemsentar.pt\/en\/produto\/doga-bistrot\/\" \/>\n<meta property=\"og:locale\" content=\"en_US\" \/>\n<meta property=\"og:type\" content=\"article\" \/>\n<meta property=\"og:title\" content=\"Doga Bistrot - Bemsentar\" \/>\n<meta property=\"og:description\" content=\"Design refinado e aten\u00e7\u00e3o aos pormenores para Bit, uma cadeira sem bra\u00e7os em resina de fibra de vidro tratada com UV e colorida em massa.\" \/>\n<meta property=\"og:url\" content=\"https:\/\/www.bemsentar.pt\/en\/produto\/doga-bistrot\/\" \/>\n<meta property=\"og:site_name\" content=\"Bemsentar\" \/>\n<meta property=\"article:publisher\" content=\"https:\/\/www.facebook.com\/Bemsentar\" \/>\n<meta property=\"article:modified_time\" content=\"2026-03-05T13:35:08+00:00\" \/>\n<meta property=\"og:image\" content=\"https:\/\/www.bemsentar.pt\/wp-content\/uploads\/2025\/07\/doga-nardi-bemsentar_0000_n_dogaB_menta_3_4_Lr-min.jpg\" \/>\n\t<meta property=\"og:image:width\" content=\"800\" \/>\n\t<meta property=\"og:image:height\" content=\"800\" \/>\n\t<meta property=\"og:image:type\" content=\"image\/jpeg\" \/>\n<meta name=\"twitter:card\" content=\"summary_large_image\" \/>\n<script type=\"application\/ld+json\" class=\"yoast-schema-graph\">{\"@context\":\"https:\/\/schema.org\",\"@graph\":[{\"@type\":\"WebPage\",\"@id\":\"https:\/\/www.bemsentar.pt\/en\/produto\/doga-bistrot\/\",\"url\":\"https:\/\/www.bemsentar.pt\/en\/produto\/doga-bistrot\/\",\"name\":\"Doga Bistrot - Bemsentar\",\"isPartOf\":{\"@id\":\"https:\/\/www.bemsentar.pt\/en\/#website\"},\"primaryImageOfPage\":{\"@id\":\"https:\/\/www.bemsentar.pt\/en\/produto\/doga-bistrot\/#primaryimage\"},\"image\":{\"@id\":\"https:\/\/www.bemsentar.pt\/en\/produto\/doga-bistrot\/#primaryimage\"},\"thumbnailUrl\":\"https:\/\/www.bemsentar.pt\/wp-content\/uploads\/2025\/07\/doga-nardi-bemsentar_0000_n_dogaB_menta_3_4_Lr-min.jpg\",\"datePublished\":\"2025-07-03T09:49:10+00:00\",\"dateModified\":\"2026-03-05T13:35:08+00:00\",\"description\":\"Design refinado e aten\u00e7\u00e3o aos pormenores para Bit, uma cadeira sem bra\u00e7os em resina de fibra de vidro tratada com UV e colorida em massa.\",\"breadcrumb\":{\"@id\":\"https:\/\/www.bemsentar.pt\/en\/produto\/doga-bistrot\/#breadcrumb\"},\"inLanguage\":\"en-US\",\"potentialAction\":[{\"@type\":\"ReadAction\",\"target\":[\"https:\/\/www.bemsentar.pt\/en\/produto\/doga-bistrot\/\"]}]},{\"@type\":\"ImageObject\",\"inLanguage\":\"en-US\",\"@id\":\"https:\/\/www.bemsentar.pt\/en\/produto\/doga-bistrot\/#primaryimage\",\"url\":\"https:\/\/www.bemsentar.pt\/wp-content\/uploads\/2025\/07\/doga-nardi-bemsentar_0000_n_dogaB_menta_3_4_Lr-min.jpg\",\"contentUrl\":\"https:\/\/www.bemsentar.pt\/wp-content\/uploads\/2025\/07\/doga-nardi-bemsentar_0000_n_dogaB_menta_3_4_Lr-min.jpg\",\"width\":800,\"height\":800},{\"@type\":\"BreadcrumbList\",\"@id\":\"https:\/\/www.bemsentar.pt\/en\/produto\/doga-bistrot\/#breadcrumb\",\"itemListElement\":[{\"@type\":\"ListItem\",\"position\":1,\"name\":\"In\u00edcio\",\"item\":\"https:\/\/www.bemsentar.pt\/en\/\"},{\"@type\":\"ListItem\",\"position\":2,\"name\":\"Products\",\"item\":\"https:\/\/www.bemsentar.pt\/en\/products\/\"},{\"@type\":\"ListItem\",\"position\":3,\"name\":\"Doga Bistrot\"}]},{\"@type\":\"WebSite\",\"@id\":\"https:\/\/www.bemsentar.pt\/en\/#website\",\"url\":\"https:\/\/www.bemsentar.pt\/en\/\",\"name\":\"Bemsentar\",\"description\":\"\",\"potentialAction\":[{\"@type\":\"SearchAction\",\"target\":{\"@type\":\"EntryPoint\",\"urlTemplate\":\"https:\/\/www.bemsentar.pt\/en\/?s={search_term_string}\"},\"query-input\":{\"@type\":\"PropertyValueSpecification\",\"valueRequired\":true,\"valueName\":\"search_term_string\"}}],\"inLanguage\":\"en-US\"}]}<\/script>\n<!-- \/ Yoast SEO plugin. -->","yoast_head_json":{"title":"Doga Bistrot - Bemsentar","description":"Design refinado e aten\u00e7\u00e3o aos pormenores para Bit, uma cadeira sem bra\u00e7os em resina de fibra de vidro tratada com UV e colorida em massa.","robots":{"index":"index","follow":"follow","max-snippet":"max-snippet:-1","max-image-preview":"max-image-preview:large","max-video-preview":"max-video-preview:-1"},"canonical":"https:\/\/www.bemsentar.pt\/en\/produto\/doga-bistrot\/","og_locale":"en_US","og_type":"article","og_title":"Doga Bistrot - Bemsentar","og_description":"Design refinado e aten\u00e7\u00e3o aos pormenores para Bit, uma cadeira sem bra\u00e7os em resina de fibra de vidro tratada com UV e colorida em massa.","og_url":"https:\/\/www.bemsentar.pt\/en\/produto\/doga-bistrot\/","og_site_name":"Bemsentar","article_publisher":"https:\/\/www.facebook.com\/Bemsentar","article_modified_time":"2026-03-05T13:35:08+00:00","og_image":[{"width":800,"height":800,"url":"https:\/\/www.bemsentar.pt\/wp-content\/uploads\/2025\/07\/doga-nardi-bemsentar_0000_n_dogaB_menta_3_4_Lr-min.jpg","type":"image\/jpeg"}],"twitter_card":"summary_large_image","schema":{"@context":"https:\/\/schema.org","@graph":[{"@type":"WebPage","@id":"https:\/\/www.bemsentar.pt\/en\/produto\/doga-bistrot\/","url":"https:\/\/www.bemsentar.pt\/en\/produto\/doga-bistrot\/","name":"Doga Bistrot - Bemsentar","isPartOf":{"@id":"https:\/\/www.bemsentar.pt\/en\/#website"},"primaryImageOfPage":{"@id":"https:\/\/www.bemsentar.pt\/en\/produto\/doga-bistrot\/#primaryimage"},"image":{"@id":"https:\/\/www.bemsentar.pt\/en\/produto\/doga-bistrot\/#primaryimage"},"thumbnailUrl":"https:\/\/www.bemsentar.pt\/wp-content\/uploads\/2025\/07\/doga-nardi-bemsentar_0000_n_dogaB_menta_3_4_Lr-min.jpg","datePublished":"2025-07-03T09:49:10+00:00","dateModified":"2026-03-05T13:35:08+00:00","description":"Design refinado e aten\u00e7\u00e3o aos pormenores para Bit, uma cadeira sem bra\u00e7os em resina de fibra de vidro tratada com UV e colorida em massa.","breadcrumb":{"@id":"https:\/\/www.bemsentar.pt\/en\/produto\/doga-bistrot\/#breadcrumb"},"inLanguage":"en-US","potentialAction":[{"@type":"ReadAction","target":["https:\/\/www.bemsentar.pt\/en\/produto\/doga-bistrot\/"]}]},{"@type":"ImageObject","inLanguage":"en-US","@id":"https:\/\/www.bemsentar.pt\/en\/produto\/doga-bistrot\/#primaryimage","url":"https:\/\/www.bemsentar.pt\/wp-content\/uploads\/2025\/07\/doga-nardi-bemsentar_0000_n_dogaB_menta_3_4_Lr-min.jpg","contentUrl":"https:\/\/www.bemsentar.pt\/wp-content\/uploads\/2025\/07\/doga-nardi-bemsentar_0000_n_dogaB_menta_3_4_Lr-min.jpg","width":800,"height":800},{"@type":"BreadcrumbList","@id":"https:\/\/www.bemsentar.pt\/en\/produto\/doga-bistrot\/#breadcrumb","itemListElement":[{"@type":"ListItem","position":1,"name":"In\u00edcio","item":"https:\/\/www.bemsentar.pt\/en\/"},{"@type":"ListItem","position":2,"name":"Products","item":"https:\/\/www.bemsentar.pt\/en\/products\/"},{"@type":"ListItem","position":3,"name":"Doga Bistrot"}]},{"@type":"WebSite","@id":"https:\/\/www.bemsentar.pt\/en\/#website","url":"https:\/\/www.bemsentar.pt\/en\/","name":"Bemsentar","description":"","potentialAction":[{"@type":"SearchAction","target":{"@type":"EntryPoint","urlTemplate":"https:\/\/www.bemsentar.pt\/en\/?s={search_term_string}"},"query-input":{"@type":"PropertyValueSpecification","valueRequired":true,"valueName":"search_term_string"}}],"inLanguage":"en-US"}]}},"_links":{"self":[{"href":"https:\/\/www.bemsentar.pt\/en\/wp-json\/wp\/v2\/product\/13473"}],"collection":[{"href":"https:\/\/www.bemsentar.pt\/en\/wp-json\/wp\/v2\/product"}],"about":[{"href":"https:\/\/www.bemsentar.pt\/en\/wp-json\/wp\/v2\/types\/product"}],"wp:featuredmedia":[{"embeddable":true,"href":"https:\/\/www.bemsentar.pt\/en\/wp-json\/wp\/v2\/media\/13602"}],"wp:attachment":[{"href":"https:\/\/www.bemsentar.pt\/en\/wp-json\/wp\/v2\/media?parent=13473"}],"wp:term":[{"taxonomy":"product_cat","embeddable":true,"href":"https:\/\/www.bemsentar.pt\/en\/wp-json\/wp\/v2\/product_cat?post=13473"},{"taxonomy":"product_tag","embeddable":true,"href":"https:\/\/www.bemsentar.pt\/en\/wp-json\/wp\/v2\/product_tag?post=13473"}],"curies":[{"name":"wp","href":"https:\/\/api.w.org\/{rel}","templated":true}]}}