{"id":13587,"date":"2025-07-03T13:15:16","date_gmt":"2025-07-03T13:15:16","guid":{"rendered":"https:\/\/www.bemsentar.pt\/?post_type=product&#038;p=13587"},"modified":"2026-03-05T13:35:08","modified_gmt":"2026-03-05T13:35:08","slug":"doga-relax","status":"publish","type":"product","link":"https:\/\/www.bemsentar.pt\/en\/produto\/doga-relax\/","title":{"rendered":"Doga Relax"},"content":{"rendered":"<p>Um cadeir\u00e3o relaxante, grande e baixo, para utiliza\u00e7\u00e3o no exterior, em resina de fibra de vidro, com um jogo de espa\u00e7os abertos e fechados pontuados por uma sequ\u00eancia de ripas horizontais. Empilh\u00e1vel, facilmente higieniz\u00e1vel e recicl\u00e1vel.<\/p>","protected":false},"excerpt":{"rendered":"Um cadeir\u00e3o relaxante, grande e baixo, para utiliza\u00e7\u00e3o no exterior, em resina de fibra de vidro, com um jogo de espa\u00e7os abertos e fechados pontuados por uma sequ\u00eancia de ripas horizontais. Empilh\u00e1vel, facilmente higieniz\u00e1vel e recicl\u00e1vel.","protected":false},"featured_media":13620,"template":"","meta":{"_acf_changed":false},"product_cat":[689],"product_tag":[],"acf":[],"yoast_head":"<!-- This site is optimized with the Yoast SEO plugin v23.6 - https:\/\/yoast.com\/wordpress\/plugins\/seo\/ -->\n<title>Doga Relax - Bemsentar<\/title>\n<meta name=\"description\" content=\"Design refinado e aten\u00e7\u00e3o aos pormenores para Bit, uma cadeira sem bra\u00e7os em resina de fibra de vidro tratada com UV e colorida em massa.\" \/>\n<meta name=\"robots\" content=\"index, follow, max-snippet:-1, max-image-preview:large, max-video-preview:-1\" \/>\n<link rel=\"canonical\" href=\"https:\/\/www.bemsentar.pt\/en\/produto\/doga-relax\/\" \/>\n<meta property=\"og:locale\" content=\"en_US\" \/>\n<meta property=\"og:type\" content=\"article\" \/>\n<meta property=\"og:title\" content=\"Doga Relax - Bemsentar\" \/>\n<meta property=\"og:description\" content=\"Design refinado e aten\u00e7\u00e3o aos pormenores para Bit, uma cadeira sem bra\u00e7os em resina de fibra de vidro tratada com UV e colorida em massa.\" \/>\n<meta property=\"og:url\" content=\"https:\/\/www.bemsentar.pt\/en\/produto\/doga-relax\/\" \/>\n<meta property=\"og:site_name\" content=\"Bemsentar\" \/>\n<meta property=\"article:publisher\" content=\"https:\/\/www.facebook.com\/Bemsentar\" \/>\n<meta property=\"article:modified_time\" content=\"2026-03-05T13:35:08+00:00\" \/>\n<meta property=\"og:image\" content=\"https:\/\/www.bemsentar.pt\/wp-content\/uploads\/2025\/07\/doga-nardi-bemsentar_0006_n_dogaR_pera_Lr-min.jpg\" \/>\n\t<meta property=\"og:image:width\" content=\"800\" \/>\n\t<meta property=\"og:image:height\" content=\"800\" \/>\n\t<meta property=\"og:image:type\" content=\"image\/jpeg\" \/>\n<meta name=\"twitter:card\" content=\"summary_large_image\" \/>\n<script type=\"application\/ld+json\" class=\"yoast-schema-graph\">{\"@context\":\"https:\/\/schema.org\",\"@graph\":[{\"@type\":\"WebPage\",\"@id\":\"https:\/\/www.bemsentar.pt\/en\/produto\/doga-relax\/\",\"url\":\"https:\/\/www.bemsentar.pt\/en\/produto\/doga-relax\/\",\"name\":\"Doga Relax - Bemsentar\",\"isPartOf\":{\"@id\":\"https:\/\/www.bemsentar.pt\/en\/#website\"},\"primaryImageOfPage\":{\"@id\":\"https:\/\/www.bemsentar.pt\/en\/produto\/doga-relax\/#primaryimage\"},\"image\":{\"@id\":\"https:\/\/www.bemsentar.pt\/en\/produto\/doga-relax\/#primaryimage\"},\"thumbnailUrl\":\"https:\/\/www.bemsentar.pt\/wp-content\/uploads\/2025\/07\/doga-nardi-bemsentar_0006_n_dogaR_pera_Lr-min.jpg\",\"datePublished\":\"2025-07-03T13:15:16+00:00\",\"dateModified\":\"2026-03-05T13:35:08+00:00\",\"description\":\"Design refinado e aten\u00e7\u00e3o aos pormenores para Bit, uma cadeira sem bra\u00e7os em resina de fibra de vidro tratada com UV e colorida em massa.\",\"breadcrumb\":{\"@id\":\"https:\/\/www.bemsentar.pt\/en\/produto\/doga-relax\/#breadcrumb\"},\"inLanguage\":\"en-US\",\"potentialAction\":[{\"@type\":\"ReadAction\",\"target\":[\"https:\/\/www.bemsentar.pt\/en\/produto\/doga-relax\/\"]}]},{\"@type\":\"ImageObject\",\"inLanguage\":\"en-US\",\"@id\":\"https:\/\/www.bemsentar.pt\/en\/produto\/doga-relax\/#primaryimage\",\"url\":\"https:\/\/www.bemsentar.pt\/wp-content\/uploads\/2025\/07\/doga-nardi-bemsentar_0006_n_dogaR_pera_Lr-min.jpg\",\"contentUrl\":\"https:\/\/www.bemsentar.pt\/wp-content\/uploads\/2025\/07\/doga-nardi-bemsentar_0006_n_dogaR_pera_Lr-min.jpg\",\"width\":800,\"height\":800},{\"@type\":\"BreadcrumbList\",\"@id\":\"https:\/\/www.bemsentar.pt\/en\/produto\/doga-relax\/#breadcrumb\",\"itemListElement\":[{\"@type\":\"ListItem\",\"position\":1,\"name\":\"In\u00edcio\",\"item\":\"https:\/\/www.bemsentar.pt\/en\/\"},{\"@type\":\"ListItem\",\"position\":2,\"name\":\"Products\",\"item\":\"https:\/\/www.bemsentar.pt\/en\/products\/\"},{\"@type\":\"ListItem\",\"position\":3,\"name\":\"Doga Relax\"}]},{\"@type\":\"WebSite\",\"@id\":\"https:\/\/www.bemsentar.pt\/en\/#website\",\"url\":\"https:\/\/www.bemsentar.pt\/en\/\",\"name\":\"Bemsentar\",\"description\":\"\",\"potentialAction\":[{\"@type\":\"SearchAction\",\"target\":{\"@type\":\"EntryPoint\",\"urlTemplate\":\"https:\/\/www.bemsentar.pt\/en\/?s={search_term_string}\"},\"query-input\":{\"@type\":\"PropertyValueSpecification\",\"valueRequired\":true,\"valueName\":\"search_term_string\"}}],\"inLanguage\":\"en-US\"}]}<\/script>\n<!-- \/ Yoast SEO plugin. -->","yoast_head_json":{"title":"Doga Relax - Bemsentar","description":"Design refinado e aten\u00e7\u00e3o aos pormenores para Bit, uma cadeira sem bra\u00e7os em resina de fibra de vidro tratada com UV e colorida em massa.","robots":{"index":"index","follow":"follow","max-snippet":"max-snippet:-1","max-image-preview":"max-image-preview:large","max-video-preview":"max-video-preview:-1"},"canonical":"https:\/\/www.bemsentar.pt\/en\/produto\/doga-relax\/","og_locale":"en_US","og_type":"article","og_title":"Doga Relax - Bemsentar","og_description":"Design refinado e aten\u00e7\u00e3o aos pormenores para Bit, uma cadeira sem bra\u00e7os em resina de fibra de vidro tratada com UV e colorida em massa.","og_url":"https:\/\/www.bemsentar.pt\/en\/produto\/doga-relax\/","og_site_name":"Bemsentar","article_publisher":"https:\/\/www.facebook.com\/Bemsentar","article_modified_time":"2026-03-05T13:35:08+00:00","og_image":[{"width":800,"height":800,"url":"https:\/\/www.bemsentar.pt\/wp-content\/uploads\/2025\/07\/doga-nardi-bemsentar_0006_n_dogaR_pera_Lr-min.jpg","type":"image\/jpeg"}],"twitter_card":"summary_large_image","schema":{"@context":"https:\/\/schema.org","@graph":[{"@type":"WebPage","@id":"https:\/\/www.bemsentar.pt\/en\/produto\/doga-relax\/","url":"https:\/\/www.bemsentar.pt\/en\/produto\/doga-relax\/","name":"Doga Relax - Bemsentar","isPartOf":{"@id":"https:\/\/www.bemsentar.pt\/en\/#website"},"primaryImageOfPage":{"@id":"https:\/\/www.bemsentar.pt\/en\/produto\/doga-relax\/#primaryimage"},"image":{"@id":"https:\/\/www.bemsentar.pt\/en\/produto\/doga-relax\/#primaryimage"},"thumbnailUrl":"https:\/\/www.bemsentar.pt\/wp-content\/uploads\/2025\/07\/doga-nardi-bemsentar_0006_n_dogaR_pera_Lr-min.jpg","datePublished":"2025-07-03T13:15:16+00:00","dateModified":"2026-03-05T13:35:08+00:00","description":"Design refinado e aten\u00e7\u00e3o aos pormenores para Bit, uma cadeira sem bra\u00e7os em resina de fibra de vidro tratada com UV e colorida em massa.","breadcrumb":{"@id":"https:\/\/www.bemsentar.pt\/en\/produto\/doga-relax\/#breadcrumb"},"inLanguage":"en-US","potentialAction":[{"@type":"ReadAction","target":["https:\/\/www.bemsentar.pt\/en\/produto\/doga-relax\/"]}]},{"@type":"ImageObject","inLanguage":"en-US","@id":"https:\/\/www.bemsentar.pt\/en\/produto\/doga-relax\/#primaryimage","url":"https:\/\/www.bemsentar.pt\/wp-content\/uploads\/2025\/07\/doga-nardi-bemsentar_0006_n_dogaR_pera_Lr-min.jpg","contentUrl":"https:\/\/www.bemsentar.pt\/wp-content\/uploads\/2025\/07\/doga-nardi-bemsentar_0006_n_dogaR_pera_Lr-min.jpg","width":800,"height":800},{"@type":"BreadcrumbList","@id":"https:\/\/www.bemsentar.pt\/en\/produto\/doga-relax\/#breadcrumb","itemListElement":[{"@type":"ListItem","position":1,"name":"In\u00edcio","item":"https:\/\/www.bemsentar.pt\/en\/"},{"@type":"ListItem","position":2,"name":"Products","item":"https:\/\/www.bemsentar.pt\/en\/products\/"},{"@type":"ListItem","position":3,"name":"Doga Relax"}]},{"@type":"WebSite","@id":"https:\/\/www.bemsentar.pt\/en\/#website","url":"https:\/\/www.bemsentar.pt\/en\/","name":"Bemsentar","description":"","potentialAction":[{"@type":"SearchAction","target":{"@type":"EntryPoint","urlTemplate":"https:\/\/www.bemsentar.pt\/en\/?s={search_term_string}"},"query-input":{"@type":"PropertyValueSpecification","valueRequired":true,"valueName":"search_term_string"}}],"inLanguage":"en-US"}]}},"_links":{"self":[{"href":"https:\/\/www.bemsentar.pt\/en\/wp-json\/wp\/v2\/product\/13587"}],"collection":[{"href":"https:\/\/www.bemsentar.pt\/en\/wp-json\/wp\/v2\/product"}],"about":[{"href":"https:\/\/www.bemsentar.pt\/en\/wp-json\/wp\/v2\/types\/product"}],"wp:featuredmedia":[{"embeddable":true,"href":"https:\/\/www.bemsentar.pt\/en\/wp-json\/wp\/v2\/media\/13620"}],"wp:attachment":[{"href":"https:\/\/www.bemsentar.pt\/en\/wp-json\/wp\/v2\/media?parent=13587"}],"wp:term":[{"taxonomy":"product_cat","embeddable":true,"href":"https:\/\/www.bemsentar.pt\/en\/wp-json\/wp\/v2\/product_cat?post=13587"},{"taxonomy":"product_tag","embeddable":true,"href":"https:\/\/www.bemsentar.pt\/en\/wp-json\/wp\/v2\/product_tag?post=13587"}],"curies":[{"name":"wp","href":"https:\/\/api.w.org\/{rel}","templated":true}]}}