{"id":4819,"date":"2020-04-05T17:21:51","date_gmt":"2020-04-05T17:21:51","guid":{"rendered":"https:\/\/www.bemsentar.pt\/pagina-inicial\/"},"modified":"2025-12-18T16:54:35","modified_gmt":"2025-12-18T16:54:35","slug":"pagina-inicial","status":"publish","type":"page","link":"https:\/\/www.bemsentar.pt\/fr\/","title":{"rendered":"Page d&rsquo;accueil"},"content":{"rendered":"","protected":false},"excerpt":{"rendered":"","protected":false},"author":1,"featured_media":0,"parent":0,"menu_order":0,"comment_status":"closed","ping_status":"closed","template":"homepage.php","meta":{"_acf_changed":false,"footnotes":""},"acf":[],"yoast_head":"<!-- This site is optimized with the Yoast SEO plugin v23.6 - https:\/\/yoast.com\/wordpress\/plugins\/seo\/ -->\n<title>Bemsentar -Mobilier pour H\u00f4tels, Restauration et Maisons de Retraite<\/title>\n<meta name=\"description\" content=\"Bemsentar se consacre \u00e0 la vente de meubles pour h\u00f4tels ou g\u00e9riatrie avec une grande vari\u00e9t\u00e9 de produits d&#039;ameublement. Visitez-nous!\" \/>\n<meta name=\"robots\" content=\"index, follow, max-snippet:-1, max-image-preview:large, max-video-preview:-1\" \/>\n<link rel=\"canonical\" href=\"https:\/\/www.bemsentar.pt\/fr\/\" \/>\n<meta property=\"og:locale\" content=\"fr_FR\" \/>\n<meta property=\"og:type\" content=\"article\" \/>\n<meta property=\"og:title\" content=\"Bemsentar -Mobilier pour H\u00f4tels, Restauration et Maisons de Retraite\" \/>\n<meta property=\"og:description\" content=\"Bemsentar se consacre \u00e0 la vente de meubles pour h\u00f4tels ou g\u00e9riatrie avec une grande vari\u00e9t\u00e9 de produits d&#039;ameublement. Visitez-nous!\" \/>\n<meta property=\"og:url\" content=\"https:\/\/www.bemsentar.pt\/fr\/\" \/>\n<meta property=\"og:site_name\" content=\"Bemsentar\" \/>\n<meta property=\"article:publisher\" content=\"https:\/\/www.facebook.com\/Bemsentar\" \/>\n<meta property=\"article:modified_time\" content=\"2025-12-18T16:54:35+00:00\" \/>\n<meta name=\"twitter:card\" content=\"summary_large_image\" \/>\n<script type=\"application\/ld+json\" class=\"yoast-schema-graph\">{\"@context\":\"https:\/\/schema.org\",\"@graph\":[{\"@type\":\"WebPage\",\"@id\":\"https:\/\/www.bemsentar.pt\/fr\/\",\"url\":\"https:\/\/www.bemsentar.pt\/fr\/\",\"name\":\"Bemsentar -Mobilier pour H\u00f4tels, Restauration et Maisons de Retraite\",\"isPartOf\":{\"@id\":\"https:\/\/www.bemsentar.pt\/fr\/#website\"},\"datePublished\":\"2020-04-05T17:21:51+00:00\",\"dateModified\":\"2025-12-18T16:54:35+00:00\",\"description\":\"Bemsentar se consacre \u00e0 la vente de meubles pour h\u00f4tels ou g\u00e9riatrie avec une grande vari\u00e9t\u00e9 de produits d'ameublement. Visitez-nous!\",\"breadcrumb\":{\"@id\":\"https:\/\/www.bemsentar.pt\/fr\/#breadcrumb\"},\"inLanguage\":\"fr-FR\",\"potentialAction\":[{\"@type\":\"ReadAction\",\"target\":[\"https:\/\/www.bemsentar.pt\/fr\/\"]}]},{\"@type\":\"BreadcrumbList\",\"@id\":\"https:\/\/www.bemsentar.pt\/fr\/#breadcrumb\",\"itemListElement\":[{\"@type\":\"ListItem\",\"position\":1,\"name\":\"In\u00edcio\",\"item\":\"https:\/\/www.bemsentar.pt\/fr\/\"},{\"@type\":\"ListItem\",\"position\":2,\"name\":\"Page d&#8217;accueil\"}]},{\"@type\":\"WebSite\",\"@id\":\"https:\/\/www.bemsentar.pt\/fr\/#website\",\"url\":\"https:\/\/www.bemsentar.pt\/fr\/\",\"name\":\"Bemsentar\",\"description\":\"\",\"potentialAction\":[{\"@type\":\"SearchAction\",\"target\":{\"@type\":\"EntryPoint\",\"urlTemplate\":\"https:\/\/www.bemsentar.pt\/fr\/?s={search_term_string}\"},\"query-input\":{\"@type\":\"PropertyValueSpecification\",\"valueRequired\":true,\"valueName\":\"search_term_string\"}}],\"inLanguage\":\"fr-FR\"}]}<\/script>\n<!-- \/ Yoast SEO plugin. -->","yoast_head_json":{"title":"Bemsentar -Mobilier pour H\u00f4tels, Restauration et Maisons de Retraite","description":"Bemsentar se consacre \u00e0 la vente de meubles pour h\u00f4tels ou g\u00e9riatrie avec une grande vari\u00e9t\u00e9 de produits d'ameublement. Visitez-nous!","robots":{"index":"index","follow":"follow","max-snippet":"max-snippet:-1","max-image-preview":"max-image-preview:large","max-video-preview":"max-video-preview:-1"},"canonical":"https:\/\/www.bemsentar.pt\/fr\/","og_locale":"fr_FR","og_type":"article","og_title":"Bemsentar -Mobilier pour H\u00f4tels, Restauration et Maisons de Retraite","og_description":"Bemsentar se consacre \u00e0 la vente de meubles pour h\u00f4tels ou g\u00e9riatrie avec une grande vari\u00e9t\u00e9 de produits d'ameublement. Visitez-nous!","og_url":"https:\/\/www.bemsentar.pt\/fr\/","og_site_name":"Bemsentar","article_publisher":"https:\/\/www.facebook.com\/Bemsentar","article_modified_time":"2025-12-18T16:54:35+00:00","twitter_card":"summary_large_image","schema":{"@context":"https:\/\/schema.org","@graph":[{"@type":"WebPage","@id":"https:\/\/www.bemsentar.pt\/fr\/","url":"https:\/\/www.bemsentar.pt\/fr\/","name":"Bemsentar -Mobilier pour H\u00f4tels, Restauration et Maisons de Retraite","isPartOf":{"@id":"https:\/\/www.bemsentar.pt\/fr\/#website"},"datePublished":"2020-04-05T17:21:51+00:00","dateModified":"2025-12-18T16:54:35+00:00","description":"Bemsentar se consacre \u00e0 la vente de meubles pour h\u00f4tels ou g\u00e9riatrie avec une grande vari\u00e9t\u00e9 de produits d'ameublement. Visitez-nous!","breadcrumb":{"@id":"https:\/\/www.bemsentar.pt\/fr\/#breadcrumb"},"inLanguage":"fr-FR","potentialAction":[{"@type":"ReadAction","target":["https:\/\/www.bemsentar.pt\/fr\/"]}]},{"@type":"BreadcrumbList","@id":"https:\/\/www.bemsentar.pt\/fr\/#breadcrumb","itemListElement":[{"@type":"ListItem","position":1,"name":"In\u00edcio","item":"https:\/\/www.bemsentar.pt\/fr\/"},{"@type":"ListItem","position":2,"name":"Page d&#8217;accueil"}]},{"@type":"WebSite","@id":"https:\/\/www.bemsentar.pt\/fr\/#website","url":"https:\/\/www.bemsentar.pt\/fr\/","name":"Bemsentar","description":"","potentialAction":[{"@type":"SearchAction","target":{"@type":"EntryPoint","urlTemplate":"https:\/\/www.bemsentar.pt\/fr\/?s={search_term_string}"},"query-input":{"@type":"PropertyValueSpecification","valueRequired":true,"valueName":"search_term_string"}}],"inLanguage":"fr-FR"}]}},"_links":{"self":[{"href":"https:\/\/www.bemsentar.pt\/fr\/wp-json\/wp\/v2\/pages\/4819"}],"collection":[{"href":"https:\/\/www.bemsentar.pt\/fr\/wp-json\/wp\/v2\/pages"}],"about":[{"href":"https:\/\/www.bemsentar.pt\/fr\/wp-json\/wp\/v2\/types\/page"}],"author":[{"embeddable":true,"href":"https:\/\/www.bemsentar.pt\/fr\/wp-json\/wp\/v2\/users\/1"}],"replies":[{"embeddable":true,"href":"https:\/\/www.bemsentar.pt\/fr\/wp-json\/wp\/v2\/comments?post=4819"}],"version-history":[{"count":2,"href":"https:\/\/www.bemsentar.pt\/fr\/wp-json\/wp\/v2\/pages\/4819\/revisions"}],"predecessor-version":[{"id":14114,"href":"https:\/\/www.bemsentar.pt\/fr\/wp-json\/wp\/v2\/pages\/4819\/revisions\/14114"}],"wp:attachment":[{"href":"https:\/\/www.bemsentar.pt\/fr\/wp-json\/wp\/v2\/media?parent=4819"}],"curies":[{"name":"wp","href":"https:\/\/api.w.org\/{rel}","templated":true}]}}