{"id":4825,"date":"2020-04-05T14:30:53","date_gmt":"2020-04-05T14:30:53","guid":{"rendered":"https:\/\/www.bemsentar.pt\/a-bemsentar\/"},"modified":"2020-08-07T13:39:34","modified_gmt":"2020-08-07T13:39:34","slug":"bemsentar","status":"publish","type":"page","link":"https:\/\/www.bemsentar.pt\/fr\/bemsentar\/","title":{"rendered":"Bemsentar"},"content":{"rendered":"<p>Une chaise est bien plus qu\u2019un simple objet d\u00e9coratif, elle fait partie de votre quotidien.<\/p> <p>Fond\u00e9e en 2005, la soci\u00e9t\u00e9 Bemsentar est n\u00e9e de l\u2019observation des exigences, que les transformations de la vie moderne imposent \u00e0 la soci\u00e9t\u00e9 actuelle. Attentifs \u00e1 ces transformations, nous reconnaissons \u00eatre comme facteurs de succ\u00e8s pour notre entreprise et nos clients, correspondre aux exigences du march\u00e9 et de proposer un produit fonctionnel et ergonomique, adapt\u00e9 \u00e0 l\u2019usage quotidien.<\/p> <p>L\u2019originalit\u00e9 et l\u2019ing\u00e9niosit\u00e9 sont pr\u00e9sentes dans les mod\u00e8les de notre collection. Une particuli\u00e8re attention est accord\u00e9e \u00e0 l\u2019innovation et \u00e0 la qualit\u00e9 comme levier d\u2019engagement entre Bemsentar et l\u2019h\u00f4tellerie, la restauration et le particulier.<\/p>","protected":false},"excerpt":{"rendered":"Une chaise est bien plus qu\u2019un simple objet d\u00e9coratif, elle fait partie de votre quotidien. Fond\u00e9e en 2005, la soci\u00e9t\u00e9 Bemsentar est n\u00e9e de l\u2019observation des exigences, que les transformations de la vie moderne imposent \u00e0 la soci\u00e9t\u00e9 actuelle. Attentifs \u00e1 ces transformations, nous reconnaissons \u00eatre comme facteurs de succ\u00e8s pour notre entreprise et nos&#8230; <a class=\"view-article\" href=\"https:\/\/www.bemsentar.pt\/fr\/bemsentar\/\">View Article<\/a>","protected":false},"author":1,"featured_media":0,"parent":0,"menu_order":0,"comment_status":"closed","ping_status":"closed","template":"about.php","meta":{"_acf_changed":false,"footnotes":""},"acf":[],"yoast_head":"<!-- This site is optimized with the Yoast SEO plugin v23.6 - https:\/\/yoast.com\/wordpress\/plugins\/seo\/ -->\n<title>Bemsentar - Bemsentar<\/title>\n<meta name=\"robots\" content=\"index, follow, max-snippet:-1, max-image-preview:large, max-video-preview:-1\" \/>\n<link rel=\"canonical\" href=\"https:\/\/www.bemsentar.pt\/fr\/bemsentar\/\" \/>\n<meta property=\"og:locale\" content=\"fr_FR\" \/>\n<meta property=\"og:type\" content=\"article\" \/>\n<meta property=\"og:title\" content=\"Bemsentar - Bemsentar\" \/>\n<meta property=\"og:description\" content=\"Une chaise est bien plus qu\u2019un simple objet d\u00e9coratif, elle fait partie de votre quotidien. Fond\u00e9e en 2005, la soci\u00e9t\u00e9 Bemsentar est n\u00e9e de l\u2019observation des exigences, que les transformations de la vie moderne imposent \u00e0 la soci\u00e9t\u00e9 actuelle. Attentifs \u00e1 ces transformations, nous reconnaissons \u00eatre comme facteurs de succ\u00e8s pour notre entreprise et nos... View Article\" \/>\n<meta property=\"og:url\" content=\"https:\/\/www.bemsentar.pt\/fr\/bemsentar\/\" \/>\n<meta property=\"og:site_name\" content=\"Bemsentar\" \/>\n<meta property=\"article:publisher\" content=\"https:\/\/www.facebook.com\/Bemsentar\" \/>\n<meta property=\"article:modified_time\" content=\"2020-08-07T13:39:34+00:00\" \/>\n<meta name=\"twitter:card\" content=\"summary_large_image\" \/>\n<meta name=\"twitter:label1\" content=\"Dur\u00e9e de lecture estim\u00e9e\" \/>\n\t<meta name=\"twitter:data1\" content=\"1 minute\" \/>\n<script type=\"application\/ld+json\" class=\"yoast-schema-graph\">{\"@context\":\"https:\/\/schema.org\",\"@graph\":[{\"@type\":\"WebPage\",\"@id\":\"https:\/\/www.bemsentar.pt\/fr\/bemsentar\/\",\"url\":\"https:\/\/www.bemsentar.pt\/fr\/bemsentar\/\",\"name\":\"Bemsentar - Bemsentar\",\"isPartOf\":{\"@id\":\"https:\/\/www.bemsentar.pt\/fr\/#website\"},\"datePublished\":\"2020-04-05T14:30:53+00:00\",\"dateModified\":\"2020-08-07T13:39:34+00:00\",\"breadcrumb\":{\"@id\":\"https:\/\/www.bemsentar.pt\/fr\/bemsentar\/#breadcrumb\"},\"inLanguage\":\"fr-FR\",\"potentialAction\":[{\"@type\":\"ReadAction\",\"target\":[\"https:\/\/www.bemsentar.pt\/fr\/bemsentar\/\"]}]},{\"@type\":\"BreadcrumbList\",\"@id\":\"https:\/\/www.bemsentar.pt\/fr\/bemsentar\/#breadcrumb\",\"itemListElement\":[{\"@type\":\"ListItem\",\"position\":1,\"name\":\"In\u00edcio\",\"item\":\"https:\/\/www.bemsentar.pt\/fr\/\"},{\"@type\":\"ListItem\",\"position\":2,\"name\":\"Bemsentar\"}]},{\"@type\":\"WebSite\",\"@id\":\"https:\/\/www.bemsentar.pt\/fr\/#website\",\"url\":\"https:\/\/www.bemsentar.pt\/fr\/\",\"name\":\"Bemsentar\",\"description\":\"\",\"potentialAction\":[{\"@type\":\"SearchAction\",\"target\":{\"@type\":\"EntryPoint\",\"urlTemplate\":\"https:\/\/www.bemsentar.pt\/fr\/?s={search_term_string}\"},\"query-input\":{\"@type\":\"PropertyValueSpecification\",\"valueRequired\":true,\"valueName\":\"search_term_string\"}}],\"inLanguage\":\"fr-FR\"}]}<\/script>\n<!-- \/ Yoast SEO plugin. -->","yoast_head_json":{"title":"Bemsentar - Bemsentar","robots":{"index":"index","follow":"follow","max-snippet":"max-snippet:-1","max-image-preview":"max-image-preview:large","max-video-preview":"max-video-preview:-1"},"canonical":"https:\/\/www.bemsentar.pt\/fr\/bemsentar\/","og_locale":"fr_FR","og_type":"article","og_title":"Bemsentar - Bemsentar","og_description":"Une chaise est bien plus qu\u2019un simple objet d\u00e9coratif, elle fait partie de votre quotidien. Fond\u00e9e en 2005, la soci\u00e9t\u00e9 Bemsentar est n\u00e9e de l\u2019observation des exigences, que les transformations de la vie moderne imposent \u00e0 la soci\u00e9t\u00e9 actuelle. Attentifs \u00e1 ces transformations, nous reconnaissons \u00eatre comme facteurs de succ\u00e8s pour notre entreprise et nos... View Article","og_url":"https:\/\/www.bemsentar.pt\/fr\/bemsentar\/","og_site_name":"Bemsentar","article_publisher":"https:\/\/www.facebook.com\/Bemsentar","article_modified_time":"2020-08-07T13:39:34+00:00","twitter_card":"summary_large_image","twitter_misc":{"Dur\u00e9e de lecture estim\u00e9e":"1 minute"},"schema":{"@context":"https:\/\/schema.org","@graph":[{"@type":"WebPage","@id":"https:\/\/www.bemsentar.pt\/fr\/bemsentar\/","url":"https:\/\/www.bemsentar.pt\/fr\/bemsentar\/","name":"Bemsentar - Bemsentar","isPartOf":{"@id":"https:\/\/www.bemsentar.pt\/fr\/#website"},"datePublished":"2020-04-05T14:30:53+00:00","dateModified":"2020-08-07T13:39:34+00:00","breadcrumb":{"@id":"https:\/\/www.bemsentar.pt\/fr\/bemsentar\/#breadcrumb"},"inLanguage":"fr-FR","potentialAction":[{"@type":"ReadAction","target":["https:\/\/www.bemsentar.pt\/fr\/bemsentar\/"]}]},{"@type":"BreadcrumbList","@id":"https:\/\/www.bemsentar.pt\/fr\/bemsentar\/#breadcrumb","itemListElement":[{"@type":"ListItem","position":1,"name":"In\u00edcio","item":"https:\/\/www.bemsentar.pt\/fr\/"},{"@type":"ListItem","position":2,"name":"Bemsentar"}]},{"@type":"WebSite","@id":"https:\/\/www.bemsentar.pt\/fr\/#website","url":"https:\/\/www.bemsentar.pt\/fr\/","name":"Bemsentar","description":"","potentialAction":[{"@type":"SearchAction","target":{"@type":"EntryPoint","urlTemplate":"https:\/\/www.bemsentar.pt\/fr\/?s={search_term_string}"},"query-input":{"@type":"PropertyValueSpecification","valueRequired":true,"valueName":"search_term_string"}}],"inLanguage":"fr-FR"}]}},"_links":{"self":[{"href":"https:\/\/www.bemsentar.pt\/fr\/wp-json\/wp\/v2\/pages\/4825"}],"collection":[{"href":"https:\/\/www.bemsentar.pt\/fr\/wp-json\/wp\/v2\/pages"}],"about":[{"href":"https:\/\/www.bemsentar.pt\/fr\/wp-json\/wp\/v2\/types\/page"}],"author":[{"embeddable":true,"href":"https:\/\/www.bemsentar.pt\/fr\/wp-json\/wp\/v2\/users\/1"}],"replies":[{"embeddable":true,"href":"https:\/\/www.bemsentar.pt\/fr\/wp-json\/wp\/v2\/comments?post=4825"}],"version-history":[{"count":0,"href":"https:\/\/www.bemsentar.pt\/fr\/wp-json\/wp\/v2\/pages\/4825\/revisions"}],"wp:attachment":[{"href":"https:\/\/www.bemsentar.pt\/fr\/wp-json\/wp\/v2\/media?parent=4825"}],"curies":[{"name":"wp","href":"https:\/\/api.w.org\/{rel}","templated":true}]}}