{"id":4826,"date":"2020-04-05T14:07:53","date_gmt":"2020-04-05T14:07:53","guid":{"rendered":"https:\/\/www.bemsentar.pt\/politica-privacidade\/"},"modified":"2022-12-15T18:12:39","modified_gmt":"2022-12-15T18:12:39","slug":"politique-de-confidentialite","status":"publish","type":"page","link":"https:\/\/www.bemsentar.pt\/fr\/politique-de-confidentialite\/","title":{"rendered":"Politique de Confidentialit\u00e9"},"content":{"rendered":"<p>Cette page divulgue la politique de confidentialit\u00e9 de <a href=\"http:\/\/WWW.BEMSENTAR.PT\">www.bemsentar.pt<\/a>.<\/p> <p>Cet avis de confidentialit\u00e9 s&rsquo;applique uniquement aux donn\u00e9es collect\u00e9es par ce site Web. Il vous informera de ce qui suit :<\/p> <ul> <li>Quelles donn\u00e9es personnelles sont collect\u00e9es via le site Web, comment elles sont utilis\u00e9es et avec qui elles peuvent \u00eatre partag\u00e9es.<\/li> <li>Comment vous pouvez g\u00e9rer vos donn\u00e9es personnelles.<\/li> <li>Les proc\u00e9dures de s\u00e9curit\u00e9 en place pour prot\u00e9ger l&rsquo;utilisation abusive de vos donn\u00e9es.<\/li> <li>Comment vous pouvez corriger toute inexactitude dans les donn\u00e9es.<\/li> <\/ul> <h1>COLLECTE, UTILISATION ET PARTAGE DES DONN\u00c9ES<\/h1> <p>Nous sommes les seuls propri\u00e9taires des donn\u00e9es collect\u00e9es sur ce site. Nous n&rsquo;avons acc\u00e8s qu&rsquo;aux donn\u00e9es que vous nous fournissez volontairement par e-mail ou par tout autre contact direct. Nous ne vendrons ni ne donnerons ces donn\u00e9es \u00e0 personne.<\/p> <h1>VOTRE CONTR\u00d4LE D&rsquo;ACC\u00c8S ET DE DONN\u00c9ES<\/h1> <p>Vous pouvez nous contacter \u00e0 tout moment par email <a href=\"mailto:bemsentar@bemsentar.pt\">bemsentar@bemsentar.pt<\/a> ou par t\u00e9l\u00e9phone +351 255 890 050 (Appel vers le r\u00e9seau fixe national) \u00e0 tout moment pour :<\/p> <p>Voir quelles donn\u00e9es nous avons enregistr\u00e9es\u00a0;<\/p> <ul> <li>Modifier \/ corriger les donn\u00e9es\u00a0;<\/li> <li>Effacer toutes les donn\u00e9es ;<\/li> <li>Exprimez toute pr\u00e9occupation que vous avez concernant l&rsquo;utilisation de vos donn\u00e9es.<\/li> <\/ul> <h1>S\u00c9CURIT\u00c9<\/h1> <p>Nous prenons des pr\u00e9cautions pour prot\u00e9ger vos informations. Lorsque vous envoyez des donn\u00e9es confidentielles via le site Web, elles sont prot\u00e9g\u00e9es en ligne et hors ligne.<\/p> <p>Alors que nous utilisons le cryptage pour prot\u00e9ger les donn\u00e9es sensibles transmises en ligne, nous prot\u00e9geons \u00e9galement vos donn\u00e9es hors ligne. Seuls les employ\u00e9s qui ont besoin de vos donn\u00e9es personnelles pour effectuer un travail sp\u00e9cifique (par exemple, facturation ou service client) y ont acc\u00e8s. Les ordinateurs\/serveurs sur lesquels nous stockons les donn\u00e9es personnelles sont conserv\u00e9s dans un environnement s\u00e9curis\u00e9.<\/p> <p>Des tiers peuvent utiliser des cookies, des balises Web et d&rsquo;autres technologies de stockage pour collecter ou recevoir des informations de ce site et utiliser ces informations pour fournir des services de mesure et de ciblage publicitaire.<\/p> <p>Si vous estimez que nous ne respectons pas cette politique de confidentialit\u00e9, vous devez nous contacter imm\u00e9diatement \u00e0 : <a href=\"bemsentar@bemsentar.pt.\">bemsentar@bemsentar.pt.<\/a><\/p>","protected":false},"excerpt":{"rendered":"Cette page divulgue la politique de confidentialit\u00e9 de www.bemsentar.pt. Cet avis de confidentialit\u00e9 s&rsquo;applique uniquement aux donn\u00e9es collect\u00e9es par ce site Web. Il vous informera de ce qui suit : Quelles donn\u00e9es personnelles sont collect\u00e9es via le site Web, comment elles sont utilis\u00e9es et avec qui elles peuvent \u00eatre partag\u00e9es. Comment vous pouvez g\u00e9rer vos&#8230; <a class=\"view-article\" href=\"https:\/\/www.bemsentar.pt\/fr\/politique-de-confidentialite\/\">View Article<\/a>","protected":false},"author":1,"featured_media":0,"parent":0,"menu_order":0,"comment_status":"closed","ping_status":"closed","template":"","meta":{"_acf_changed":false,"footnotes":""},"acf":[],"yoast_head":"<!-- This site is optimized with the Yoast SEO plugin v23.6 - https:\/\/yoast.com\/wordpress\/plugins\/seo\/ -->\n<title>Politique de Confidentialit\u00e9 - Bemsentar<\/title>\n<meta name=\"robots\" content=\"index, follow, max-snippet:-1, max-image-preview:large, max-video-preview:-1\" \/>\n<link rel=\"canonical\" href=\"https:\/\/www.bemsentar.pt\/fr\/politique-de-confidentialite\/\" \/>\n<meta property=\"og:locale\" content=\"fr_FR\" \/>\n<meta property=\"og:type\" content=\"article\" \/>\n<meta property=\"og:title\" content=\"Politique de Confidentialit\u00e9 - Bemsentar\" \/>\n<meta property=\"og:description\" content=\"Cette page divulgue la politique de confidentialit\u00e9 de www.bemsentar.pt. Cet avis de confidentialit\u00e9 s&rsquo;applique uniquement aux donn\u00e9es collect\u00e9es par ce site Web. Il vous informera de ce qui suit : Quelles donn\u00e9es personnelles sont collect\u00e9es via le site Web, comment elles sont utilis\u00e9es et avec qui elles peuvent \u00eatre partag\u00e9es. Comment vous pouvez g\u00e9rer vos... View Article\" \/>\n<meta property=\"og:url\" content=\"https:\/\/www.bemsentar.pt\/fr\/politique-de-confidentialite\/\" \/>\n<meta property=\"og:site_name\" content=\"Bemsentar\" \/>\n<meta property=\"article:publisher\" content=\"https:\/\/www.facebook.com\/Bemsentar\" \/>\n<meta property=\"article:modified_time\" content=\"2022-12-15T18:12:39+00:00\" \/>\n<meta name=\"twitter:card\" content=\"summary_large_image\" \/>\n<meta name=\"twitter:label1\" content=\"Dur\u00e9e de lecture estim\u00e9e\" \/>\n\t<meta name=\"twitter:data1\" content=\"2 minutes\" \/>\n<script type=\"application\/ld+json\" class=\"yoast-schema-graph\">{\"@context\":\"https:\/\/schema.org\",\"@graph\":[{\"@type\":\"WebPage\",\"@id\":\"https:\/\/www.bemsentar.pt\/fr\/politique-de-confidentialite\/\",\"url\":\"https:\/\/www.bemsentar.pt\/fr\/politique-de-confidentialite\/\",\"name\":\"Politique de Confidentialit\u00e9 - Bemsentar\",\"isPartOf\":{\"@id\":\"https:\/\/www.bemsentar.pt\/fr\/#website\"},\"datePublished\":\"2020-04-05T14:07:53+00:00\",\"dateModified\":\"2022-12-15T18:12:39+00:00\",\"breadcrumb\":{\"@id\":\"https:\/\/www.bemsentar.pt\/fr\/politique-de-confidentialite\/#breadcrumb\"},\"inLanguage\":\"fr-FR\",\"potentialAction\":[{\"@type\":\"ReadAction\",\"target\":[\"https:\/\/www.bemsentar.pt\/fr\/politique-de-confidentialite\/\"]}]},{\"@type\":\"BreadcrumbList\",\"@id\":\"https:\/\/www.bemsentar.pt\/fr\/politique-de-confidentialite\/#breadcrumb\",\"itemListElement\":[{\"@type\":\"ListItem\",\"position\":1,\"name\":\"In\u00edcio\",\"item\":\"https:\/\/www.bemsentar.pt\/fr\/\"},{\"@type\":\"ListItem\",\"position\":2,\"name\":\"Politique de Confidentialit\u00e9\"}]},{\"@type\":\"WebSite\",\"@id\":\"https:\/\/www.bemsentar.pt\/fr\/#website\",\"url\":\"https:\/\/www.bemsentar.pt\/fr\/\",\"name\":\"Bemsentar\",\"description\":\"\",\"potentialAction\":[{\"@type\":\"SearchAction\",\"target\":{\"@type\":\"EntryPoint\",\"urlTemplate\":\"https:\/\/www.bemsentar.pt\/fr\/?s={search_term_string}\"},\"query-input\":{\"@type\":\"PropertyValueSpecification\",\"valueRequired\":true,\"valueName\":\"search_term_string\"}}],\"inLanguage\":\"fr-FR\"}]}<\/script>\n<!-- \/ Yoast SEO plugin. -->","yoast_head_json":{"title":"Politique de Confidentialit\u00e9 - Bemsentar","robots":{"index":"index","follow":"follow","max-snippet":"max-snippet:-1","max-image-preview":"max-image-preview:large","max-video-preview":"max-video-preview:-1"},"canonical":"https:\/\/www.bemsentar.pt\/fr\/politique-de-confidentialite\/","og_locale":"fr_FR","og_type":"article","og_title":"Politique de Confidentialit\u00e9 - Bemsentar","og_description":"Cette page divulgue la politique de confidentialit\u00e9 de www.bemsentar.pt. Cet avis de confidentialit\u00e9 s&rsquo;applique uniquement aux donn\u00e9es collect\u00e9es par ce site Web. Il vous informera de ce qui suit : Quelles donn\u00e9es personnelles sont collect\u00e9es via le site Web, comment elles sont utilis\u00e9es et avec qui elles peuvent \u00eatre partag\u00e9es. Comment vous pouvez g\u00e9rer vos... View Article","og_url":"https:\/\/www.bemsentar.pt\/fr\/politique-de-confidentialite\/","og_site_name":"Bemsentar","article_publisher":"https:\/\/www.facebook.com\/Bemsentar","article_modified_time":"2022-12-15T18:12:39+00:00","twitter_card":"summary_large_image","twitter_misc":{"Dur\u00e9e de lecture estim\u00e9e":"2 minutes"},"schema":{"@context":"https:\/\/schema.org","@graph":[{"@type":"WebPage","@id":"https:\/\/www.bemsentar.pt\/fr\/politique-de-confidentialite\/","url":"https:\/\/www.bemsentar.pt\/fr\/politique-de-confidentialite\/","name":"Politique de Confidentialit\u00e9 - Bemsentar","isPartOf":{"@id":"https:\/\/www.bemsentar.pt\/fr\/#website"},"datePublished":"2020-04-05T14:07:53+00:00","dateModified":"2022-12-15T18:12:39+00:00","breadcrumb":{"@id":"https:\/\/www.bemsentar.pt\/fr\/politique-de-confidentialite\/#breadcrumb"},"inLanguage":"fr-FR","potentialAction":[{"@type":"ReadAction","target":["https:\/\/www.bemsentar.pt\/fr\/politique-de-confidentialite\/"]}]},{"@type":"BreadcrumbList","@id":"https:\/\/www.bemsentar.pt\/fr\/politique-de-confidentialite\/#breadcrumb","itemListElement":[{"@type":"ListItem","position":1,"name":"In\u00edcio","item":"https:\/\/www.bemsentar.pt\/fr\/"},{"@type":"ListItem","position":2,"name":"Politique de Confidentialit\u00e9"}]},{"@type":"WebSite","@id":"https:\/\/www.bemsentar.pt\/fr\/#website","url":"https:\/\/www.bemsentar.pt\/fr\/","name":"Bemsentar","description":"","potentialAction":[{"@type":"SearchAction","target":{"@type":"EntryPoint","urlTemplate":"https:\/\/www.bemsentar.pt\/fr\/?s={search_term_string}"},"query-input":{"@type":"PropertyValueSpecification","valueRequired":true,"valueName":"search_term_string"}}],"inLanguage":"fr-FR"}]}},"_links":{"self":[{"href":"https:\/\/www.bemsentar.pt\/fr\/wp-json\/wp\/v2\/pages\/4826"}],"collection":[{"href":"https:\/\/www.bemsentar.pt\/fr\/wp-json\/wp\/v2\/pages"}],"about":[{"href":"https:\/\/www.bemsentar.pt\/fr\/wp-json\/wp\/v2\/types\/page"}],"author":[{"embeddable":true,"href":"https:\/\/www.bemsentar.pt\/fr\/wp-json\/wp\/v2\/users\/1"}],"replies":[{"embeddable":true,"href":"https:\/\/www.bemsentar.pt\/fr\/wp-json\/wp\/v2\/comments?post=4826"}],"version-history":[{"count":3,"href":"https:\/\/www.bemsentar.pt\/fr\/wp-json\/wp\/v2\/pages\/4826\/revisions"}],"predecessor-version":[{"id":9522,"href":"https:\/\/www.bemsentar.pt\/fr\/wp-json\/wp\/v2\/pages\/4826\/revisions\/9522"}],"wp:attachment":[{"href":"https:\/\/www.bemsentar.pt\/fr\/wp-json\/wp\/v2\/media?parent=4826"}],"curies":[{"name":"wp","href":"https:\/\/api.w.org\/{rel}","templated":true}]}}