{"id":14011,"date":"2024-09-29T12:38:51","date_gmt":"2024-09-29T12:38:51","guid":{"rendered":"https:\/\/www.bemsentar.pt\/produto\/gio-lounge\/"},"modified":"2025-10-03T16:39:26","modified_gmt":"2025-10-03T16:39:26","slug":"gio-lounge","status":"publish","type":"product","link":"https:\/\/www.bemsentar.pt\/fr\/produto\/gio-lounge\/","title":{"rendered":"Gio Lounge"},"content":{"rendered":"<p>Gio est un mod\u00e8le audacieux aux lignes douces et harmonieuses, inspir\u00e9 d&rsquo;un style classique et intemporel. Propice \u00e0 la d\u00e9tente, parfait pour les espaces lounge, il est enti\u00e8rement rembourr\u00e9, avec un passepoil qui souligne sa silhouette, et tr\u00e8s confortable pour de longues p\u00e9riodes de repos.<\/p>","protected":false},"excerpt":{"rendered":"Gio est un mod\u00e8le audacieux aux lignes douces et harmonieuses, inspir\u00e9 d&rsquo;un style classique et intemporel. Propice \u00e0 la d\u00e9tente, parfait pour les espaces lounge, il est enti\u00e8rement rembourr\u00e9, avec un passepoil qui souligne sa silhouette, et tr\u00e8s confortable pour de longues p\u00e9riodes de repos.","protected":false},"featured_media":15050,"template":"","meta":{"_acf_changed":false},"product_cat":[1086,1235,1610,1602],"product_tag":[2014,2015],"acf":[],"yoast_head":"<!-- This site is optimized with the Yoast SEO plugin v23.6 - https:\/\/yoast.com\/wordpress\/plugins\/seo\/ -->\n<title>Gio Lounge - Bemsentar<\/title>\n<meta name=\"robots\" content=\"index, follow, max-snippet:-1, max-image-preview:large, max-video-preview:-1\" \/>\n<link rel=\"canonical\" href=\"https:\/\/www.bemsentar.pt\/fr\/produto\/gio-lounge\/\" \/>\n<meta property=\"og:locale\" content=\"fr_FR\" \/>\n<meta property=\"og:type\" content=\"article\" \/>\n<meta property=\"og:title\" content=\"Gio Lounge - Bemsentar\" \/>\n<meta property=\"og:description\" content=\"Gio est un mod\u00e8le audacieux aux lignes douces et harmonieuses, inspir\u00e9 d&rsquo;un style classique et intemporel. Propice \u00e0 la d\u00e9tente, parfait pour les espaces lounge, il est enti\u00e8rement rembourr\u00e9, avec un passepoil qui souligne sa silhouette, et tr\u00e8s confortable pour de longues p\u00e9riodes de repos.\" \/>\n<meta property=\"og:url\" content=\"https:\/\/www.bemsentar.pt\/fr\/produto\/gio-lounge\/\" \/>\n<meta property=\"og:site_name\" content=\"Bemsentar\" \/>\n<meta property=\"article:publisher\" content=\"https:\/\/www.facebook.com\/Bemsentar\" \/>\n<meta property=\"article:modified_time\" content=\"2025-10-03T16:39:26+00:00\" \/>\n<meta property=\"og:image\" content=\"https:\/\/www.bemsentar.pt\/wp-content\/uploads\/2025\/09\/GIO-LOUNGE-BEMSENTAR_0004_CO.4096-GIO-LOUNGE-7-min.jpg\" \/>\n\t<meta property=\"og:image:width\" content=\"600\" \/>\n\t<meta property=\"og:image:height\" content=\"600\" \/>\n\t<meta property=\"og:image:type\" content=\"image\/jpeg\" \/>\n<meta name=\"twitter:card\" content=\"summary_large_image\" \/>\n<script type=\"application\/ld+json\" class=\"yoast-schema-graph\">{\"@context\":\"https:\/\/schema.org\",\"@graph\":[{\"@type\":\"WebPage\",\"@id\":\"https:\/\/www.bemsentar.pt\/fr\/produto\/gio-lounge\/\",\"url\":\"https:\/\/www.bemsentar.pt\/fr\/produto\/gio-lounge\/\",\"name\":\"Gio Lounge - Bemsentar\",\"isPartOf\":{\"@id\":\"https:\/\/www.bemsentar.pt\/fr\/#website\"},\"primaryImageOfPage\":{\"@id\":\"https:\/\/www.bemsentar.pt\/fr\/produto\/gio-lounge\/#primaryimage\"},\"image\":{\"@id\":\"https:\/\/www.bemsentar.pt\/fr\/produto\/gio-lounge\/#primaryimage\"},\"thumbnailUrl\":\"https:\/\/www.bemsentar.pt\/wp-content\/uploads\/2026\/01\/0260_CO.4096-GIO-LOUNGE-1.jpg.jpg\",\"datePublished\":\"2024-09-29T12:38:51+00:00\",\"dateModified\":\"2025-10-03T16:39:26+00:00\",\"breadcrumb\":{\"@id\":\"https:\/\/www.bemsentar.pt\/fr\/produto\/gio-lounge\/#breadcrumb\"},\"inLanguage\":\"fr-FR\",\"potentialAction\":[{\"@type\":\"ReadAction\",\"target\":[\"https:\/\/www.bemsentar.pt\/fr\/produto\/gio-lounge\/\"]}]},{\"@type\":\"ImageObject\",\"inLanguage\":\"fr-FR\",\"@id\":\"https:\/\/www.bemsentar.pt\/fr\/produto\/gio-lounge\/#primaryimage\",\"url\":\"https:\/\/www.bemsentar.pt\/wp-content\/uploads\/2026\/01\/0260_CO.4096-GIO-LOUNGE-1.jpg.jpg\",\"contentUrl\":\"https:\/\/www.bemsentar.pt\/wp-content\/uploads\/2026\/01\/0260_CO.4096-GIO-LOUNGE-1.jpg.jpg\",\"width\":600,\"height\":600},{\"@type\":\"BreadcrumbList\",\"@id\":\"https:\/\/www.bemsentar.pt\/fr\/produto\/gio-lounge\/#breadcrumb\",\"itemListElement\":[{\"@type\":\"ListItem\",\"position\":1,\"name\":\"In\u00edcio\",\"item\":\"https:\/\/www.bemsentar.pt\/fr\/\"},{\"@type\":\"ListItem\",\"position\":2,\"name\":\"Produits\",\"item\":\"https:\/\/www.bemsentar.pt\/fr\/produits\/\"},{\"@type\":\"ListItem\",\"position\":3,\"name\":\"Gio Lounge\"}]},{\"@type\":\"WebSite\",\"@id\":\"https:\/\/www.bemsentar.pt\/fr\/#website\",\"url\":\"https:\/\/www.bemsentar.pt\/fr\/\",\"name\":\"Bemsentar\",\"description\":\"\",\"potentialAction\":[{\"@type\":\"SearchAction\",\"target\":{\"@type\":\"EntryPoint\",\"urlTemplate\":\"https:\/\/www.bemsentar.pt\/fr\/?s={search_term_string}\"},\"query-input\":{\"@type\":\"PropertyValueSpecification\",\"valueRequired\":true,\"valueName\":\"search_term_string\"}}],\"inLanguage\":\"fr-FR\"}]}<\/script>\n<!-- \/ Yoast SEO plugin. -->","yoast_head_json":{"title":"Gio Lounge - Bemsentar","robots":{"index":"index","follow":"follow","max-snippet":"max-snippet:-1","max-image-preview":"max-image-preview:large","max-video-preview":"max-video-preview:-1"},"canonical":"https:\/\/www.bemsentar.pt\/fr\/produto\/gio-lounge\/","og_locale":"fr_FR","og_type":"article","og_title":"Gio Lounge - Bemsentar","og_description":"Gio est un mod\u00e8le audacieux aux lignes douces et harmonieuses, inspir\u00e9 d&rsquo;un style classique et intemporel. Propice \u00e0 la d\u00e9tente, parfait pour les espaces lounge, il est enti\u00e8rement rembourr\u00e9, avec un passepoil qui souligne sa silhouette, et tr\u00e8s confortable pour de longues p\u00e9riodes de repos.","og_url":"https:\/\/www.bemsentar.pt\/fr\/produto\/gio-lounge\/","og_site_name":"Bemsentar","article_publisher":"https:\/\/www.facebook.com\/Bemsentar","article_modified_time":"2025-10-03T16:39:26+00:00","og_image":[{"width":600,"height":600,"url":"https:\/\/www.bemsentar.pt\/wp-content\/uploads\/2025\/09\/GIO-LOUNGE-BEMSENTAR_0004_CO.4096-GIO-LOUNGE-7-min.jpg","type":"image\/jpeg"}],"twitter_card":"summary_large_image","schema":{"@context":"https:\/\/schema.org","@graph":[{"@type":"WebPage","@id":"https:\/\/www.bemsentar.pt\/fr\/produto\/gio-lounge\/","url":"https:\/\/www.bemsentar.pt\/fr\/produto\/gio-lounge\/","name":"Gio Lounge - Bemsentar","isPartOf":{"@id":"https:\/\/www.bemsentar.pt\/fr\/#website"},"primaryImageOfPage":{"@id":"https:\/\/www.bemsentar.pt\/fr\/produto\/gio-lounge\/#primaryimage"},"image":{"@id":"https:\/\/www.bemsentar.pt\/fr\/produto\/gio-lounge\/#primaryimage"},"thumbnailUrl":"https:\/\/www.bemsentar.pt\/wp-content\/uploads\/2026\/01\/0260_CO.4096-GIO-LOUNGE-1.jpg.jpg","datePublished":"2024-09-29T12:38:51+00:00","dateModified":"2025-10-03T16:39:26+00:00","breadcrumb":{"@id":"https:\/\/www.bemsentar.pt\/fr\/produto\/gio-lounge\/#breadcrumb"},"inLanguage":"fr-FR","potentialAction":[{"@type":"ReadAction","target":["https:\/\/www.bemsentar.pt\/fr\/produto\/gio-lounge\/"]}]},{"@type":"ImageObject","inLanguage":"fr-FR","@id":"https:\/\/www.bemsentar.pt\/fr\/produto\/gio-lounge\/#primaryimage","url":"https:\/\/www.bemsentar.pt\/wp-content\/uploads\/2026\/01\/0260_CO.4096-GIO-LOUNGE-1.jpg.jpg","contentUrl":"https:\/\/www.bemsentar.pt\/wp-content\/uploads\/2026\/01\/0260_CO.4096-GIO-LOUNGE-1.jpg.jpg","width":600,"height":600},{"@type":"BreadcrumbList","@id":"https:\/\/www.bemsentar.pt\/fr\/produto\/gio-lounge\/#breadcrumb","itemListElement":[{"@type":"ListItem","position":1,"name":"In\u00edcio","item":"https:\/\/www.bemsentar.pt\/fr\/"},{"@type":"ListItem","position":2,"name":"Produits","item":"https:\/\/www.bemsentar.pt\/fr\/produits\/"},{"@type":"ListItem","position":3,"name":"Gio Lounge"}]},{"@type":"WebSite","@id":"https:\/\/www.bemsentar.pt\/fr\/#website","url":"https:\/\/www.bemsentar.pt\/fr\/","name":"Bemsentar","description":"","potentialAction":[{"@type":"SearchAction","target":{"@type":"EntryPoint","urlTemplate":"https:\/\/www.bemsentar.pt\/fr\/?s={search_term_string}"},"query-input":{"@type":"PropertyValueSpecification","valueRequired":true,"valueName":"search_term_string"}}],"inLanguage":"fr-FR"}]}},"_links":{"self":[{"href":"https:\/\/www.bemsentar.pt\/fr\/wp-json\/wp\/v2\/product\/14011"}],"collection":[{"href":"https:\/\/www.bemsentar.pt\/fr\/wp-json\/wp\/v2\/product"}],"about":[{"href":"https:\/\/www.bemsentar.pt\/fr\/wp-json\/wp\/v2\/types\/product"}],"wp:featuredmedia":[{"embeddable":true,"href":"https:\/\/www.bemsentar.pt\/fr\/wp-json\/wp\/v2\/media\/15050"}],"wp:attachment":[{"href":"https:\/\/www.bemsentar.pt\/fr\/wp-json\/wp\/v2\/media?parent=14011"}],"wp:term":[{"taxonomy":"product_cat","embeddable":true,"href":"https:\/\/www.bemsentar.pt\/fr\/wp-json\/wp\/v2\/product_cat?post=14011"},{"taxonomy":"product_tag","embeddable":true,"href":"https:\/\/www.bemsentar.pt\/fr\/wp-json\/wp\/v2\/product_tag?post=14011"}],"curies":[{"name":"wp","href":"https:\/\/api.w.org\/{rel}","templated":true}]}}