{"id":7011,"date":"2022-05-16T16:44:02","date_gmt":"2022-05-16T16:44:02","guid":{"rendered":"https:\/\/www.bemsentar.pt\/?post_type=product&#038;p=7011"},"modified":"2022-05-16T17:03:52","modified_gmt":"2022-05-16T17:03:52","slug":"erica","status":"publish","type":"product","link":"https:\/\/www.bemsentar.pt\/fr\/produto\/erica\/","title":{"rendered":"Erica"},"content":{"rendered":"<p><br data-mce-bogus=\"1\"><\/p>","protected":false},"excerpt":{"rendered":"<div class=\"col-xs-12 col-sm-10 col-sm-offset-1 col-md-4 col-md-offset-0 col-lg-5 font-dim1-book intro index-me\">Assise en r\u00e9sine sans accoudoirs associant le go\u00fbt des bandes ligneuses de la structure aux lattes larges et solides du dossier et de l\u2019assise. Le style, les lignes et les mat\u00e9riaux permettent \u00e0 Erica de s\u2019adapter \u00e0 de tr\u00e8s nombreux environnements dans le secteur priv\u00e9 ou des collectivit\u00e9s.<\/div>","protected":false},"featured_media":16884,"template":"","meta":{"_acf_changed":false},"product_cat":[1138,1085],"product_tag":[1695,1696,1697],"acf":[],"yoast_head":"<!-- This site is optimized with the Yoast SEO plugin v23.6 - https:\/\/yoast.com\/wordpress\/plugins\/seo\/ -->\n<title>Erica - Bemsentar<\/title>\n<meta name=\"robots\" content=\"index, follow, max-snippet:-1, max-image-preview:large, max-video-preview:-1\" \/>\n<link rel=\"canonical\" href=\"https:\/\/www.bemsentar.pt\/fr\/produto\/erica\/\" \/>\n<meta property=\"og:locale\" content=\"fr_FR\" \/>\n<meta property=\"og:type\" content=\"article\" \/>\n<meta property=\"og:title\" content=\"Erica - Bemsentar\" \/>\n<meta property=\"og:description\" content=\"Assise en r\u00e9sine sans accoudoirs associant le go\u00fbt des bandes ligneuses de la structure aux lattes larges et solides du dossier et de l\u2019assise. Le style, les lignes et les mat\u00e9riaux permettent \u00e0 Erica de s\u2019adapter \u00e0 de tr\u00e8s nombreux environnements dans le secteur priv\u00e9 ou des collectivit\u00e9s.\" \/>\n<meta property=\"og:url\" content=\"https:\/\/www.bemsentar.pt\/fr\/produto\/erica\/\" \/>\n<meta property=\"og:site_name\" content=\"Bemsentar\" \/>\n<meta property=\"article:publisher\" content=\"https:\/\/www.facebook.com\/Bemsentar\" \/>\n<meta property=\"article:modified_time\" content=\"2022-05-16T17:03:52+00:00\" \/>\n<meta property=\"og:image\" content=\"https:\/\/www.bemsentar.pt\/wp-content\/uploads\/2022\/05\/Untitled-2-Recovered-copy-Recovered_0003_img_2060.jpg\" \/>\n\t<meta property=\"og:image:width\" content=\"700\" \/>\n\t<meta property=\"og:image:height\" content=\"700\" \/>\n\t<meta property=\"og:image:type\" content=\"image\/jpeg\" \/>\n<meta name=\"twitter:card\" content=\"summary_large_image\" \/>\n<script type=\"application\/ld+json\" class=\"yoast-schema-graph\">{\"@context\":\"https:\/\/schema.org\",\"@graph\":[{\"@type\":\"WebPage\",\"@id\":\"https:\/\/www.bemsentar.pt\/fr\/produto\/erica\/\",\"url\":\"https:\/\/www.bemsentar.pt\/fr\/produto\/erica\/\",\"name\":\"Erica - Bemsentar\",\"isPartOf\":{\"@id\":\"https:\/\/www.bemsentar.pt\/fr\/#website\"},\"primaryImageOfPage\":{\"@id\":\"https:\/\/www.bemsentar.pt\/fr\/produto\/erica\/#primaryimage\"},\"image\":{\"@id\":\"https:\/\/www.bemsentar.pt\/fr\/produto\/erica\/#primaryimage\"},\"thumbnailUrl\":\"https:\/\/www.bemsentar.pt\/wp-content\/uploads\/2022\/05\/erica-nardi-bemsentar_0001_Nardi_chairs_ERICA_biancoTortora_LR.jpg\",\"datePublished\":\"2022-05-16T16:44:02+00:00\",\"dateModified\":\"2022-05-16T17:03:52+00:00\",\"breadcrumb\":{\"@id\":\"https:\/\/www.bemsentar.pt\/fr\/produto\/erica\/#breadcrumb\"},\"inLanguage\":\"fr-FR\",\"potentialAction\":[{\"@type\":\"ReadAction\",\"target\":[\"https:\/\/www.bemsentar.pt\/fr\/produto\/erica\/\"]}]},{\"@type\":\"ImageObject\",\"inLanguage\":\"fr-FR\",\"@id\":\"https:\/\/www.bemsentar.pt\/fr\/produto\/erica\/#primaryimage\",\"url\":\"https:\/\/www.bemsentar.pt\/wp-content\/uploads\/2022\/05\/erica-nardi-bemsentar_0001_Nardi_chairs_ERICA_biancoTortora_LR.jpg\",\"contentUrl\":\"https:\/\/www.bemsentar.pt\/wp-content\/uploads\/2022\/05\/erica-nardi-bemsentar_0001_Nardi_chairs_ERICA_biancoTortora_LR.jpg\",\"width\":600,\"height\":600},{\"@type\":\"BreadcrumbList\",\"@id\":\"https:\/\/www.bemsentar.pt\/fr\/produto\/erica\/#breadcrumb\",\"itemListElement\":[{\"@type\":\"ListItem\",\"position\":1,\"name\":\"In\u00edcio\",\"item\":\"https:\/\/www.bemsentar.pt\/fr\/\"},{\"@type\":\"ListItem\",\"position\":2,\"name\":\"Produits\",\"item\":\"https:\/\/www.bemsentar.pt\/fr\/produits\/\"},{\"@type\":\"ListItem\",\"position\":3,\"name\":\"Erica\"}]},{\"@type\":\"WebSite\",\"@id\":\"https:\/\/www.bemsentar.pt\/fr\/#website\",\"url\":\"https:\/\/www.bemsentar.pt\/fr\/\",\"name\":\"Bemsentar\",\"description\":\"\",\"potentialAction\":[{\"@type\":\"SearchAction\",\"target\":{\"@type\":\"EntryPoint\",\"urlTemplate\":\"https:\/\/www.bemsentar.pt\/fr\/?s={search_term_string}\"},\"query-input\":{\"@type\":\"PropertyValueSpecification\",\"valueRequired\":true,\"valueName\":\"search_term_string\"}}],\"inLanguage\":\"fr-FR\"}]}<\/script>\n<!-- \/ Yoast SEO plugin. -->","yoast_head_json":{"title":"Erica - Bemsentar","robots":{"index":"index","follow":"follow","max-snippet":"max-snippet:-1","max-image-preview":"max-image-preview:large","max-video-preview":"max-video-preview:-1"},"canonical":"https:\/\/www.bemsentar.pt\/fr\/produto\/erica\/","og_locale":"fr_FR","og_type":"article","og_title":"Erica - Bemsentar","og_description":"Assise en r\u00e9sine sans accoudoirs associant le go\u00fbt des bandes ligneuses de la structure aux lattes larges et solides du dossier et de l\u2019assise. Le style, les lignes et les mat\u00e9riaux permettent \u00e0 Erica de s\u2019adapter \u00e0 de tr\u00e8s nombreux environnements dans le secteur priv\u00e9 ou des collectivit\u00e9s.","og_url":"https:\/\/www.bemsentar.pt\/fr\/produto\/erica\/","og_site_name":"Bemsentar","article_publisher":"https:\/\/www.facebook.com\/Bemsentar","article_modified_time":"2022-05-16T17:03:52+00:00","og_image":[{"width":700,"height":700,"url":"https:\/\/www.bemsentar.pt\/wp-content\/uploads\/2022\/05\/Untitled-2-Recovered-copy-Recovered_0003_img_2060.jpg","type":"image\/jpeg"}],"twitter_card":"summary_large_image","schema":{"@context":"https:\/\/schema.org","@graph":[{"@type":"WebPage","@id":"https:\/\/www.bemsentar.pt\/fr\/produto\/erica\/","url":"https:\/\/www.bemsentar.pt\/fr\/produto\/erica\/","name":"Erica - Bemsentar","isPartOf":{"@id":"https:\/\/www.bemsentar.pt\/fr\/#website"},"primaryImageOfPage":{"@id":"https:\/\/www.bemsentar.pt\/fr\/produto\/erica\/#primaryimage"},"image":{"@id":"https:\/\/www.bemsentar.pt\/fr\/produto\/erica\/#primaryimage"},"thumbnailUrl":"https:\/\/www.bemsentar.pt\/wp-content\/uploads\/2022\/05\/erica-nardi-bemsentar_0001_Nardi_chairs_ERICA_biancoTortora_LR.jpg","datePublished":"2022-05-16T16:44:02+00:00","dateModified":"2022-05-16T17:03:52+00:00","breadcrumb":{"@id":"https:\/\/www.bemsentar.pt\/fr\/produto\/erica\/#breadcrumb"},"inLanguage":"fr-FR","potentialAction":[{"@type":"ReadAction","target":["https:\/\/www.bemsentar.pt\/fr\/produto\/erica\/"]}]},{"@type":"ImageObject","inLanguage":"fr-FR","@id":"https:\/\/www.bemsentar.pt\/fr\/produto\/erica\/#primaryimage","url":"https:\/\/www.bemsentar.pt\/wp-content\/uploads\/2022\/05\/erica-nardi-bemsentar_0001_Nardi_chairs_ERICA_biancoTortora_LR.jpg","contentUrl":"https:\/\/www.bemsentar.pt\/wp-content\/uploads\/2022\/05\/erica-nardi-bemsentar_0001_Nardi_chairs_ERICA_biancoTortora_LR.jpg","width":600,"height":600},{"@type":"BreadcrumbList","@id":"https:\/\/www.bemsentar.pt\/fr\/produto\/erica\/#breadcrumb","itemListElement":[{"@type":"ListItem","position":1,"name":"In\u00edcio","item":"https:\/\/www.bemsentar.pt\/fr\/"},{"@type":"ListItem","position":2,"name":"Produits","item":"https:\/\/www.bemsentar.pt\/fr\/produits\/"},{"@type":"ListItem","position":3,"name":"Erica"}]},{"@type":"WebSite","@id":"https:\/\/www.bemsentar.pt\/fr\/#website","url":"https:\/\/www.bemsentar.pt\/fr\/","name":"Bemsentar","description":"","potentialAction":[{"@type":"SearchAction","target":{"@type":"EntryPoint","urlTemplate":"https:\/\/www.bemsentar.pt\/fr\/?s={search_term_string}"},"query-input":{"@type":"PropertyValueSpecification","valueRequired":true,"valueName":"search_term_string"}}],"inLanguage":"fr-FR"}]}},"_links":{"self":[{"href":"https:\/\/www.bemsentar.pt\/fr\/wp-json\/wp\/v2\/product\/7011"}],"collection":[{"href":"https:\/\/www.bemsentar.pt\/fr\/wp-json\/wp\/v2\/product"}],"about":[{"href":"https:\/\/www.bemsentar.pt\/fr\/wp-json\/wp\/v2\/types\/product"}],"wp:featuredmedia":[{"embeddable":true,"href":"https:\/\/www.bemsentar.pt\/fr\/wp-json\/wp\/v2\/media\/16884"}],"wp:attachment":[{"href":"https:\/\/www.bemsentar.pt\/fr\/wp-json\/wp\/v2\/media?parent=7011"}],"wp:term":[{"taxonomy":"product_cat","embeddable":true,"href":"https:\/\/www.bemsentar.pt\/fr\/wp-json\/wp\/v2\/product_cat?post=7011"},{"taxonomy":"product_tag","embeddable":true,"href":"https:\/\/www.bemsentar.pt\/fr\/wp-json\/wp\/v2\/product_tag?post=7011"}],"curies":[{"name":"wp","href":"https:\/\/api.w.org\/{rel}","templated":true}]}}