{"id":7029,"date":"2022-05-16T17:10:48","date_gmt":"2022-05-16T17:10:48","guid":{"rendered":"https:\/\/www.bemsentar.pt\/?post_type=product&#038;p=7029"},"modified":"2022-05-16T17:32:46","modified_gmt":"2022-05-16T17:32:46","slug":"palma-fauteuil","status":"publish","type":"product","link":"https:\/\/www.bemsentar.pt\/fr\/produto\/palma-fauteuil\/","title":{"rendered":"Palma Fauteuil"},"content":{"rendered":"","protected":false},"excerpt":{"rendered":"Fauteuil avec accoudoirs. Mat\u00e9riau: polypropyl\u00e8ne trait\u00e9 anti-UV et color\u00e9 dans la masse. Effet mat. Avec patins anti-d\u00e9rapants.\r\n\r\nR\u00e9sine recyclable.","protected":false},"featured_media":16890,"template":"","meta":{"_acf_changed":false},"product_cat":[1085],"product_tag":[1695,1696,1697],"acf":[],"yoast_head":"<!-- This site is optimized with the Yoast SEO plugin v23.6 - https:\/\/yoast.com\/wordpress\/plugins\/seo\/ -->\n<title>Palma Fauteuil - Bemsentar<\/title>\n<meta name=\"robots\" content=\"index, follow, max-snippet:-1, max-image-preview:large, max-video-preview:-1\" \/>\n<link rel=\"canonical\" href=\"https:\/\/www.bemsentar.pt\/fr\/produto\/palma-fauteuil\/\" \/>\n<meta property=\"og:locale\" content=\"fr_FR\" \/>\n<meta property=\"og:type\" content=\"article\" \/>\n<meta property=\"og:title\" content=\"Palma Fauteuil - Bemsentar\" \/>\n<meta property=\"og:description\" content=\"Fauteuil avec accoudoirs. Mat\u00e9riau: polypropyl\u00e8ne trait\u00e9 anti-UV et color\u00e9 dans la masse. Effet mat. Avec patins anti-d\u00e9rapants.  R\u00e9sine recyclable.\" \/>\n<meta property=\"og:url\" content=\"https:\/\/www.bemsentar.pt\/fr\/produto\/palma-fauteuil\/\" \/>\n<meta property=\"og:site_name\" content=\"Bemsentar\" \/>\n<meta property=\"article:publisher\" content=\"https:\/\/www.facebook.com\/Bemsentar\" \/>\n<meta property=\"article:modified_time\" content=\"2022-05-16T17:32:46+00:00\" \/>\n<meta property=\"og:image\" content=\"https:\/\/www.bemsentar.pt\/wp-content\/uploads\/2022\/05\/Untitled-2-Recovered-copy-Recovered_0001_img_878.jpg\" \/>\n\t<meta property=\"og:image:width\" content=\"700\" \/>\n\t<meta property=\"og:image:height\" content=\"700\" \/>\n\t<meta property=\"og:image:type\" content=\"image\/jpeg\" \/>\n<meta name=\"twitter:card\" content=\"summary_large_image\" \/>\n<script type=\"application\/ld+json\" class=\"yoast-schema-graph\">{\"@context\":\"https:\/\/schema.org\",\"@graph\":[{\"@type\":\"WebPage\",\"@id\":\"https:\/\/www.bemsentar.pt\/fr\/produto\/palma-fauteuil\/\",\"url\":\"https:\/\/www.bemsentar.pt\/fr\/produto\/palma-fauteuil\/\",\"name\":\"Palma Fauteuil - Bemsentar\",\"isPartOf\":{\"@id\":\"https:\/\/www.bemsentar.pt\/fr\/#website\"},\"primaryImageOfPage\":{\"@id\":\"https:\/\/www.bemsentar.pt\/fr\/produto\/palma-fauteuil\/#primaryimage\"},\"image\":{\"@id\":\"https:\/\/www.bemsentar.pt\/fr\/produto\/palma-fauteuil\/#primaryimage\"},\"thumbnailUrl\":\"https:\/\/www.bemsentar.pt\/wp-content\/uploads\/2022\/05\/Produtos-site-bemsentar_0002_Nardi_chairs_PALMA_biancoTortora_LR.jpg\",\"datePublished\":\"2022-05-16T17:10:48+00:00\",\"dateModified\":\"2022-05-16T17:32:46+00:00\",\"breadcrumb\":{\"@id\":\"https:\/\/www.bemsentar.pt\/fr\/produto\/palma-fauteuil\/#breadcrumb\"},\"inLanguage\":\"fr-FR\",\"potentialAction\":[{\"@type\":\"ReadAction\",\"target\":[\"https:\/\/www.bemsentar.pt\/fr\/produto\/palma-fauteuil\/\"]}]},{\"@type\":\"ImageObject\",\"inLanguage\":\"fr-FR\",\"@id\":\"https:\/\/www.bemsentar.pt\/fr\/produto\/palma-fauteuil\/#primaryimage\",\"url\":\"https:\/\/www.bemsentar.pt\/wp-content\/uploads\/2022\/05\/Produtos-site-bemsentar_0002_Nardi_chairs_PALMA_biancoTortora_LR.jpg\",\"contentUrl\":\"https:\/\/www.bemsentar.pt\/wp-content\/uploads\/2022\/05\/Produtos-site-bemsentar_0002_Nardi_chairs_PALMA_biancoTortora_LR.jpg\",\"width\":600,\"height\":600},{\"@type\":\"BreadcrumbList\",\"@id\":\"https:\/\/www.bemsentar.pt\/fr\/produto\/palma-fauteuil\/#breadcrumb\",\"itemListElement\":[{\"@type\":\"ListItem\",\"position\":1,\"name\":\"In\u00edcio\",\"item\":\"https:\/\/www.bemsentar.pt\/fr\/\"},{\"@type\":\"ListItem\",\"position\":2,\"name\":\"Produits\",\"item\":\"https:\/\/www.bemsentar.pt\/fr\/produits\/\"},{\"@type\":\"ListItem\",\"position\":3,\"name\":\"Palma Fauteuil\"}]},{\"@type\":\"WebSite\",\"@id\":\"https:\/\/www.bemsentar.pt\/fr\/#website\",\"url\":\"https:\/\/www.bemsentar.pt\/fr\/\",\"name\":\"Bemsentar\",\"description\":\"\",\"potentialAction\":[{\"@type\":\"SearchAction\",\"target\":{\"@type\":\"EntryPoint\",\"urlTemplate\":\"https:\/\/www.bemsentar.pt\/fr\/?s={search_term_string}\"},\"query-input\":{\"@type\":\"PropertyValueSpecification\",\"valueRequired\":true,\"valueName\":\"search_term_string\"}}],\"inLanguage\":\"fr-FR\"}]}<\/script>\n<!-- \/ Yoast SEO plugin. -->","yoast_head_json":{"title":"Palma Fauteuil - Bemsentar","robots":{"index":"index","follow":"follow","max-snippet":"max-snippet:-1","max-image-preview":"max-image-preview:large","max-video-preview":"max-video-preview:-1"},"canonical":"https:\/\/www.bemsentar.pt\/fr\/produto\/palma-fauteuil\/","og_locale":"fr_FR","og_type":"article","og_title":"Palma Fauteuil - Bemsentar","og_description":"Fauteuil avec accoudoirs. Mat\u00e9riau: polypropyl\u00e8ne trait\u00e9 anti-UV et color\u00e9 dans la masse. Effet mat. Avec patins anti-d\u00e9rapants.  R\u00e9sine recyclable.","og_url":"https:\/\/www.bemsentar.pt\/fr\/produto\/palma-fauteuil\/","og_site_name":"Bemsentar","article_publisher":"https:\/\/www.facebook.com\/Bemsentar","article_modified_time":"2022-05-16T17:32:46+00:00","og_image":[{"width":700,"height":700,"url":"https:\/\/www.bemsentar.pt\/wp-content\/uploads\/2022\/05\/Untitled-2-Recovered-copy-Recovered_0001_img_878.jpg","type":"image\/jpeg"}],"twitter_card":"summary_large_image","schema":{"@context":"https:\/\/schema.org","@graph":[{"@type":"WebPage","@id":"https:\/\/www.bemsentar.pt\/fr\/produto\/palma-fauteuil\/","url":"https:\/\/www.bemsentar.pt\/fr\/produto\/palma-fauteuil\/","name":"Palma Fauteuil - Bemsentar","isPartOf":{"@id":"https:\/\/www.bemsentar.pt\/fr\/#website"},"primaryImageOfPage":{"@id":"https:\/\/www.bemsentar.pt\/fr\/produto\/palma-fauteuil\/#primaryimage"},"image":{"@id":"https:\/\/www.bemsentar.pt\/fr\/produto\/palma-fauteuil\/#primaryimage"},"thumbnailUrl":"https:\/\/www.bemsentar.pt\/wp-content\/uploads\/2022\/05\/Produtos-site-bemsentar_0002_Nardi_chairs_PALMA_biancoTortora_LR.jpg","datePublished":"2022-05-16T17:10:48+00:00","dateModified":"2022-05-16T17:32:46+00:00","breadcrumb":{"@id":"https:\/\/www.bemsentar.pt\/fr\/produto\/palma-fauteuil\/#breadcrumb"},"inLanguage":"fr-FR","potentialAction":[{"@type":"ReadAction","target":["https:\/\/www.bemsentar.pt\/fr\/produto\/palma-fauteuil\/"]}]},{"@type":"ImageObject","inLanguage":"fr-FR","@id":"https:\/\/www.bemsentar.pt\/fr\/produto\/palma-fauteuil\/#primaryimage","url":"https:\/\/www.bemsentar.pt\/wp-content\/uploads\/2022\/05\/Produtos-site-bemsentar_0002_Nardi_chairs_PALMA_biancoTortora_LR.jpg","contentUrl":"https:\/\/www.bemsentar.pt\/wp-content\/uploads\/2022\/05\/Produtos-site-bemsentar_0002_Nardi_chairs_PALMA_biancoTortora_LR.jpg","width":600,"height":600},{"@type":"BreadcrumbList","@id":"https:\/\/www.bemsentar.pt\/fr\/produto\/palma-fauteuil\/#breadcrumb","itemListElement":[{"@type":"ListItem","position":1,"name":"In\u00edcio","item":"https:\/\/www.bemsentar.pt\/fr\/"},{"@type":"ListItem","position":2,"name":"Produits","item":"https:\/\/www.bemsentar.pt\/fr\/produits\/"},{"@type":"ListItem","position":3,"name":"Palma Fauteuil"}]},{"@type":"WebSite","@id":"https:\/\/www.bemsentar.pt\/fr\/#website","url":"https:\/\/www.bemsentar.pt\/fr\/","name":"Bemsentar","description":"","potentialAction":[{"@type":"SearchAction","target":{"@type":"EntryPoint","urlTemplate":"https:\/\/www.bemsentar.pt\/fr\/?s={search_term_string}"},"query-input":{"@type":"PropertyValueSpecification","valueRequired":true,"valueName":"search_term_string"}}],"inLanguage":"fr-FR"}]}},"_links":{"self":[{"href":"https:\/\/www.bemsentar.pt\/fr\/wp-json\/wp\/v2\/product\/7029"}],"collection":[{"href":"https:\/\/www.bemsentar.pt\/fr\/wp-json\/wp\/v2\/product"}],"about":[{"href":"https:\/\/www.bemsentar.pt\/fr\/wp-json\/wp\/v2\/types\/product"}],"wp:featuredmedia":[{"embeddable":true,"href":"https:\/\/www.bemsentar.pt\/fr\/wp-json\/wp\/v2\/media\/16890"}],"wp:attachment":[{"href":"https:\/\/www.bemsentar.pt\/fr\/wp-json\/wp\/v2\/media?parent=7029"}],"wp:term":[{"taxonomy":"product_cat","embeddable":true,"href":"https:\/\/www.bemsentar.pt\/fr\/wp-json\/wp\/v2\/product_cat?post=7029"},{"taxonomy":"product_tag","embeddable":true,"href":"https:\/\/www.bemsentar.pt\/fr\/wp-json\/wp\/v2\/product_tag?post=7029"}],"curies":[{"name":"wp","href":"https:\/\/api.w.org\/{rel}","templated":true}]}}